{"id":1423,"date":"2023-04-03T17:54:46","date_gmt":"2023-04-03T17:54:46","guid":{"rendered":"https:\/\/cecip.org.br\/narrativasdepaz\/?page_id=1423"},"modified":"2023-05-24T18:54:25","modified_gmt":"2023-05-24T18:54:25","slug":"historico","status":"publish","type":"page","link":"https:\/\/cecip.org.br\/narrativasdepaz\/historico\/","title":{"rendered":"2020-2022"},"content":{"rendered":"<p>[vc_row unlock_row_content=&#8221;yes&#8221; row_height_percent=&#8221;0&#8243; override_padding=&#8221;yes&#8221; h_padding=&#8221;5&#8243; top_padding=&#8221;5&#8243; bottom_padding=&#8221;0&#8243; overlay_alpha=&#8221;50&#8243; equal_height=&#8221;yes&#8221; gutter_size=&#8221;0&#8243; column_width_percent=&#8221;100&#8243; border_color=&#8221;accent&#8221; border_style=&#8221;solid&#8221; shift_y=&#8221;0&#8243; z_index=&#8221;0&#8243;][vc_column column_width_percent=&#8221;100&#8243; position_horizontal=&#8221;right&#8221; gutter_size=&#8221;3&#8243; override_padding=&#8221;yes&#8221; column_padding=&#8221;0&#8243; back_color=&#8221;color-xsdn&#8221; overlay_alpha=&#8221;50&#8243; shift_x=&#8221;0&#8243; shift_y=&#8221;0&#8243; shift_y_down=&#8221;0&#8243; z_index=&#8221;0&#8243; medium_width=&#8221;0&#8243; mobile_width=&#8221;0&#8243; width=&#8221;1\/2&#8243; mobile_height=&#8221;340&#8243;][vc_single_image media=&#8221;1359&#8243; media_width_percent=&#8221;80&#8243; alignment=&#8221;center&#8221; shape=&#8221;img-round&#8221; radius=&#8221;lg&#8221; border=&#8221;yes&#8221; advanced=&#8221;yes&#8221; media_items=&#8221;media|original&#8221; media_overlay_opacity=&#8221;50&#8243; media_padding=&#8221;2&#8243; lbox_title=&#8221;yes&#8221;][vc_separator][\/vc_column][\/vc_row][vc_row unlock_row_content=&#8221;yes&#8221; row_height_percent=&#8221;0&#8243; override_padding=&#8221;yes&#8221; h_padding=&#8221;3&#8243; top_padding=&#8221;1&#8243; bottom_padding=&#8221;0&#8243; overlay_alpha=&#8221;50&#8243; equal_height=&#8221;yes&#8221; gutter_size=&#8221;0&#8243; column_width_percent=&#8221;100&#8243; shift_y=&#8221;0&#8243; z_index=&#8221;0&#8243;][vc_column column_width_percent=&#8221;80&#8243; gutter_size=&#8221;1&#8243; override_padding=&#8221;yes&#8221; column_padding=&#8221;1&#8243; back_color=&#8221;color-xsdn&#8221; overlay_alpha=&#8221;50&#8243; shift_x=&#8221;0&#8243; shift_y=&#8221;0&#8243; shift_y_down=&#8221;0&#8243; z_index=&#8221;0&#8243; medium_width=&#8221;0&#8243; mobile_width=&#8221;0&#8243; width=&#8221;1\/2&#8243;][vc_column_text text_lead=&#8221;small&#8221;]<\/p>\n<h4><span style=\"font-weight: 400;\">Em sua segunda edi\u00e7\u00e3o, entre 2020 e 2022, o projeto Narrativas de Paz foi realizado no bairro de Santa Teresa, no Rio de Janeiro. Com foco na primeira inf\u00e2ncia, o projeto teve como princ\u00edpio e m\u00e9todo o exerc\u00edcio da cultura de paz em atividades<\/span><span style=\"font-weight: 400;\"> com fam\u00edlias, profissionais da sa\u00fade e da educa\u00e7\u00e3o do bairro, visando um fortalecimento comunit\u00e1rio tendo a crian\u00e7a como prioridade.<\/span><\/h4>\n<p>[\/vc_column_text][\/vc_column][vc_column column_width_percent=&#8221;80&#8243; gutter_size=&#8221;3&#8243; overlay_alpha=&#8221;50&#8243; shift_x=&#8221;0&#8243; shift_y=&#8221;0&#8243; shift_y_down=&#8221;0&#8243; z_index=&#8221;0&#8243; medium_width=&#8221;0&#8243; mobile_width=&#8221;0&#8243; width=&#8221;1\/2&#8243;][vc_column_text]<\/p>\n<h4><span style=\"font-weight: 400;\">Os parceiros do projeto no territ\u00f3rio \u2013 Centro Municipal de Sa\u00fade Ernani Agr\u00edcola, Instituto Trilho e Instituto Michel Odent \u2013 participaram dessa constru\u00e7\u00e3o coletiva na inven\u00e7\u00e3o de novas narrativas para as crian\u00e7as de Santa Teresa, com promo\u00e7\u00e3o do cuidado integral, da parentalidade positiva e da educa\u00e7\u00e3o sem viol\u00eancia. <\/span><\/h4>\n<p>[\/vc_column_text][\/vc_column][\/vc_row][vc_row unlock_row_content=&#8221;yes&#8221; row_height_percent=&#8221;0&#8243; override_padding=&#8221;yes&#8221; h_padding=&#8221;0&#8243; top_padding=&#8221;1&#8243; bottom_padding=&#8221;0&#8243; overlay_alpha=&#8221;50&#8243; equal_height=&#8221;yes&#8221; gutter_size=&#8221;0&#8243; column_width_percent=&#8221;100&#8243; shift_y=&#8221;0&#8243; z_index=&#8221;0&#8243;][vc_column column_width_percent=&#8221;80&#8243; align_horizontal=&#8221;align_center&#8221; gutter_size=&#8221;1&#8243; override_padding=&#8221;yes&#8221; column_padding=&#8221;1&#8243; back_color=&#8221;color-xsdn&#8221; overlay_alpha=&#8221;50&#8243; shift_x=&#8221;0&#8243; shift_y=&#8221;0&#8243; shift_y_down=&#8221;0&#8243; z_index=&#8221;0&#8243; medium_width=&#8221;0&#8243; mobile_width=&#8221;0&#8243; width=&#8221;1\/1&#8243;][vc_custom_heading text_font=&#8221;font-315019&#8243;]<\/p>\n<h4><\/h4>\n<h2 style=\"text-align: center;\">Conhe\u00e7a cada grupo que participou nesta edi\u00e7\u00e3o do projeto.<\/h2>\n<p>[\/vc_custom_heading][\/vc_column][\/vc_row][vc_row][vc_column column_width_percent=&#8221;100&#8243; gutter_size=&#8221;3&#8243; back_color=&#8221;color-101282&#8243; overlay_alpha=&#8221;50&#8243; shift_x=&#8221;0&#8243; shift_y=&#8221;0&#8243; shift_y_down=&#8221;0&#8243; z_index=&#8221;0&#8243; medium_width=&#8221;0&#8243; mobile_width=&#8221;0&#8243; width=&#8221;1\/3&#8243;][vc_custom_heading text_font=&#8221;font-315019&#8243; text_color=&#8221;color-jevc&#8221;]<b>AGENTES COMUNIT\u00c1RIOS DE SA\u00daDE<\/b>[\/vc_custom_heading][vc_single_image media=&#8221;552&#8243; media_width_percent=&#8221;100&#8243;][vc_column_text text_lead=&#8221;yes&#8221;]<span style=\"font-weight: 400;\">O Narrativas de Paz desenvolve atividades com os Agentes Comunit\u00e1rios de Sa\u00fade (ACS) das equipes da Estrat\u00e9gia Sa\u00fade da Fam\u00edlia que funcionam no Centro Municipal de Sa\u00fade Ernani Agr\u00edcola, o posto de sa\u00fade de Santa Teresa.<\/span>[\/vc_column_text][vc_button button_color=&#8221;color-vyce&#8221; border_width=&#8221;0&#8243; link=&#8221;url:https%3A%2F%2Fcecip.org.br%2Fnarrativasdepaz%2Facs%2F|title:Agentes%20Comunit%C3%A1rios%20de%20Sa%C3%BAde&#8221;]veja tudo[\/vc_button][\/vc_column][vc_column column_width_percent=&#8221;100&#8243; gutter_size=&#8221;3&#8243; back_color=&#8221;color-118042&#8243; overlay_alpha=&#8221;50&#8243; shift_x=&#8221;0&#8243; shift_y=&#8221;0&#8243; shift_y_down=&#8221;0&#8243; z_index=&#8221;0&#8243; medium_width=&#8221;0&#8243; mobile_width=&#8221;0&#8243; width=&#8221;1\/3&#8243;][vc_custom_heading text_font=&#8221;font-315019&#8243; text_color=&#8221;color-jevc&#8221;]<b>EDUCA\u00c7\u00c3O INFANTIL<\/b>[\/vc_custom_heading][vc_single_image media=&#8221;553&#8243; media_width_percent=&#8221;100&#8243;][vc_column_text text_lead=&#8221;yes&#8221;]Um dos p\u00fablicos participantes do projeto Narrativas de Paz \u00e9 formado por educadoras e educadores de Santa Teresa. A parceria com esse p\u00fablico da educa\u00e7\u00e3o infantil foi iniciada por meio da articula\u00e7\u00e3o com o\u00a0<strong>Programa Sa\u00fade na Escola<\/strong>.[\/vc_column_text][vc_button button_color=&#8221;color-490667&#8243; border_width=&#8221;0&#8243; link=&#8221;url:https%3A%2F%2Fcecip.org.br%2Fnarrativasdepaz%2Feducacao-infantil%2F|title:Educadoras&#8221;]veja tudo[\/vc_button][\/vc_column][vc_column column_width_percent=&#8221;100&#8243; gutter_size=&#8221;3&#8243; back_color=&#8221;color-208561&#8243; overlay_alpha=&#8221;50&#8243; shift_x=&#8221;0&#8243; shift_y=&#8221;0&#8243; shift_y_down=&#8221;0&#8243; z_index=&#8221;0&#8243; medium_width=&#8221;0&#8243; mobile_width=&#8221;0&#8243; width=&#8221;1\/3&#8243;][vc_custom_heading text_font=&#8221;font-315019&#8243; text_color=&#8221;color-jevc&#8221;]<b>M\u00c3ES DE SANTA<\/b>[\/vc_custom_heading][vc_single_image media=&#8221;550&#8243; media_width_percent=&#8221;100&#8243;][vc_column_text text_lead=&#8221;yes&#8221;]<span style=\"font-weight: 400;\">O projeto Narrativas de Paz desenvolve atividades com um grupo de mulheres gestantes e pu\u00e9rperas moradoras do Morro dos Prazeres, em Santa Teresa, chamado \u201cM\u00e3es de Santa\u201d.<br \/>\n<\/span><span style=\"color: #ffcc00;\">.<\/span>[\/vc_column_text][vc_button button_color=&#8221;color-150545&#8243; border_width=&#8221;0&#8243; link=&#8221;url:https%3A%2F%2Fcecip.org.br%2Fnarrativasdepaz%2Fmaesdesanta%2F|title:M%C3%A3es%20de%20Santa&#8221;]veja tudo[\/vc_button][\/vc_column][\/vc_row][vc_row row_height_percent=&#8221;0&#8243; back_color=&#8221;color-xsdn&#8221; overlay_alpha=&#8221;90&#8243; gutter_size=&#8221;3&#8243; column_width_percent=&#8221;100&#8243; shift_y=&#8221;0&#8243; z_index=&#8221;0&#8243;][vc_column column_width_use_pixel=&#8221;yes&#8221; align_horizontal=&#8221;align_center&#8221; gutter_size=&#8221;3&#8243; back_color=&#8221;color-xsdn&#8221; overlay_alpha=&#8221;50&#8243; shift_x=&#8221;0&#8243; shift_y=&#8221;0&#8243; shift_y_down=&#8221;0&#8243; z_index=&#8221;0&#8243; medium_width=&#8221;0&#8243; mobile_width=&#8221;0&#8243; css_animation=&#8221;alpha-anim&#8221; animation_delay=&#8221;200&#8243; width=&#8221;1\/1&#8243;][vc_separator][\/vc_column][\/vc_row][vc_row][vc_column width=&#8221;1\/2&#8243;][vc_single_image media=&#8221;1162&#8243; media_width_percent=&#8221;100&#8243;][\/vc_column][vc_column width=&#8221;1\/2&#8243;][vc_row_inner limit_content=&#8221;&#8221;][vc_column_inner width=&#8221;1\/1&#8243;][vc_custom_heading heading_semantic=&#8221;h1&#8243; text_font=&#8221;font-315019&#8243; text_size=&#8221;h1&#8243; text_color=&#8221;color-jevc&#8221; sub_reduced=&#8221;yes&#8221;]Vacina\u00e7\u00e3o Infantil contra a COVID-19[\/vc_custom_heading][vc_column_text text_lead=&#8221;small&#8221;]<\/p>\n<h4><span style=\"font-weight: 400;\">O projeto Narrativas de Paz, em parceria com o Centro Municipal de Sa\u00fade Ernani Agr\u00edcola, fortalece a campanha de vacina\u00e7\u00e3o infantil e acredita que crian\u00e7as vacinadas est\u00e3o protegidas e podem brincar \u00e0 vontade.<br \/>\nA ideia de ter como s\u00edmbolo da campanha um cata-vento surgiu da diretora do CMS, Cristina Gon\u00e7alves, pois para ela \u00e9 um brinquedo que representa o movimento e a dissemina\u00e7\u00e3o da informa\u00e7\u00e3o, no caso da Campanha de Vacina\u00e7\u00e3o Infantil, uma forma de chegar a mais fam\u00edlias.<br \/>\nA partir dessa proposta, o cartunista e diretor do CECIP, Claudius Ceccon, junto com a designer do projeto Tatiana Martins, criaram uma imagem de crian\u00e7as brincando com o cata-vento no territ\u00f3rio de Santa Teresa, onde o projeto Narrativas de Paz atua desde 2019 e vem fortalecendo parcerias a partir dos temas de desenvolvimento infantil e cultura de paz. <\/span><\/h4>\n<h4><span style=\"font-weight: 400;\">O cartaz est\u00e1 dispon\u00edvel para impress\u00e3o nos tamanhos A4 e A3, basta clicar nos links abaixo para fazer o download.<\/span><\/h4>\n<p>[\/vc_column_text][vc_button button_color=&#8221;accent&#8221; wide=&#8221;yes&#8221; border_width=&#8221;0&#8243; link=&#8221;url:https%3A%2F%2Fdrive.google.com%2Ffile%2Fd%2F1BZ9THKfeUvuxOh4He63fI-ZDtZThCddM%2Fview%3Fusp%3Dsharing|title:Impress%C3%A3o%20A4%20-%2021%2C0%20x%2029%2C7%20cm|target:_blank&#8221;]Baixe o cartaz para impress\u00e3o A4 &#8211; 21,0 x 29,7 cm[\/vc_button][vc_button button_color=&#8221;accent&#8221; wide=&#8221;yes&#8221; border_width=&#8221;0&#8243; link=&#8221;url:https%3A%2F%2Fdrive.google.com%2Ffile%2Fd%2F13EmGIb57o02wakB9qD8hsn2yKahDVCVz%2Fview%3Fusp%3Dsharing|title:Impress%C3%A3o%20A3%20-%2029%2C7%20x%2042%2C0%20cm|target:_blank&#8221;]Baixe o cartaz para impress\u00e3o A3 &#8211; 29,7 x 42,0 cm[\/vc_button][\/vc_column_inner][\/vc_row_inner][\/vc_column][\/vc_row]<\/p>\n","protected":false},"excerpt":{"rendered":"<p>[vc_row unlock_row_content=&#8221;yes&#8221; row_height_percent=&#8221;0&#8243; override_padding=&#8221;yes&#8221; h_padding=&#8221;5&#8243; top_padding=&#8221;5&#8243; bottom_padding=&#8221;0&#8243; overlay_alpha=&#8221;50&#8243; equal_height=&#8221;yes&#8221; gutter_size=&#8221;0&#8243; column_width_percent=&#8221;100&#8243; border_color=&#8221;accent&#8221; border_style=&#8221;solid&#8221; shift_y=&#8221;0&#8243; z_index=&#8221;0&#8243;][vc_column column_width_percent=&#8221;100&#8243; position_horizontal=&#8221;right&#8221; gutter_size=&#8221;3&#8243; override_padding=&#8221;yes&#8221; column_padding=&#8221;0&#8243; [&hellip;]<\/p>\n","protected":false},"author":1,"featured_media":0,"parent":0,"menu_order":0,"comment_status":"closed","ping_status":"closed","template":"","meta":[],"_links":{"self":[{"href":"https:\/\/cecip.org.br\/narrativasdepaz\/wp-json\/wp\/v2\/pages\/1423"}],"collection":[{"href":"https:\/\/cecip.org.br\/narrativasdepaz\/wp-json\/wp\/v2\/pages"}],"about":[{"href":"https:\/\/cecip.org.br\/narrativasdepaz\/wp-json\/wp\/v2\/types\/page"}],"author":[{"embeddable":true,"href":"https:\/\/cecip.org.br\/narrativasdepaz\/wp-json\/wp\/v2\/users\/1"}],"replies":[{"embeddable":true,"href":"https:\/\/cecip.org.br\/narrativasdepaz\/wp-json\/wp\/v2\/comments?post=1423"}],"version-history":[{"count":21,"href":"https:\/\/cecip.org.br\/narrativasdepaz\/wp-json\/wp\/v2\/pages\/1423\/revisions"}],"predecessor-version":[{"id":1490,"href":"https:\/\/cecip.org.br\/narrativasdepaz\/wp-json\/wp\/v2\/pages\/1423\/revisions\/1490"}],"wp:attachment":[{"href":"https:\/\/cecip.org.br\/narrativasdepaz\/wp-json\/wp\/v2\/media?parent=1423"}],"curies":[{"name":"wp","href":"https:\/\/api.w.org\/{rel}","templated":true}]}}