{"id":1561,"date":"2024-02-05T18:25:29","date_gmt":"2024-02-05T18:25:29","guid":{"rendered":"https:\/\/cecip.org.br\/narrativasdepaz\/?page_id=1561"},"modified":"2024-03-06T14:21:19","modified_gmt":"2024-03-06T14:21:19","slug":"curso","status":"publish","type":"page","link":"https:\/\/cecip.org.br\/narrativasdepaz\/curso\/","title":{"rendered":"Curso"},"content":{"rendered":"<p>[vc_row][vc_column width=&#8221;1\/1&#8243;][vc_single_image media=&#8221;1524&#8243; media_width_percent=&#8221;100&#8243; alignment=&#8221;center&#8221;][\/vc_column][\/vc_row][vc_row][vc_column column_width_percent=&#8221;100&#8243; gutter_size=&#8221;3&#8243; back_color=&#8221;color-160780&#8243; overlay_alpha=&#8221;50&#8243; shift_x=&#8221;0&#8243; shift_y=&#8221;0&#8243; shift_y_down=&#8221;0&#8243; z_index=&#8221;0&#8243; medium_width=&#8221;0&#8243; mobile_width=&#8221;0&#8243; width=&#8221;1\/1&#8243;][vc_custom_heading auto_text=&#8221;yes&#8221; heading_semantic=&#8221;h1&#8243; text_font=&#8221;font-315019&#8243; text_size=&#8221;fontsize-168100&#8243; text_color=&#8221;color-150545&#8243;]This is a custom heading element.[\/vc_custom_heading][vc_column_text]Experimentando Narrativas de Paz e Diversidades na Educa\u00e7\u00e3o Infantil \u00e9 um curso para profissionais da educa\u00e7\u00e3o infantil das creches parceiras na cidade do Rio de Janeiro, sobre Cultura de Paz, diversidade e equidade na primeira inf\u00e2ncia.<br \/>\nA carga hor\u00e1ria \u00e9 de 16 horas assim distribu\u00eddas:<\/p>\n<ul>\n<li>4 aulas on-line de 2 horas.<\/li>\n<li>4 atividades ass\u00edncronas entre os encontros de 2 horas.<\/li>\n<\/ul>\n<p>As aulas ser\u00e3o ministradas pela plataforma Zoom, e o link ser\u00e1 compartilhado com os participantes antes do in\u00edcio do curso.<br \/>\nAs aulas ser\u00e3o sempre \u00e0s quartas-feiras de 8h \u00e0s 10h, nas seguintes datas:<\/p>\n<ul>\n<li><strong>07 de fevereiro &#8211; Apresenta\u00e7\u00e3o<\/strong><\/li>\n<li><strong>21 de fevereiro &#8211; M\u00f3dulo 1: Educa\u00e7\u00e3o Antirracista<\/strong><\/li>\n<li><strong>28 de fevereiro &#8211; M\u00f3dulo 2: Equidade de G\u00eanero<\/strong><\/li>\n<li><strong>06 de mar\u00e7o &#8211; M\u00f3dulo 3: Cultura de Paz<\/strong><\/li>\n<\/ul>\n<p>Para receber o certificado \u00e9 necess\u00e1rio 75% de presen\u00e7a nas atividades do curso.[\/vc_column_text][\/vc_column][\/vc_row][vc_row row_height_percent=&#8221;0&#8243; override_padding=&#8221;yes&#8221; h_padding=&#8221;2&#8243; top_padding=&#8221;5&#8243; bottom_padding=&#8221;5&#8243; overlay_alpha=&#8221;50&#8243; gutter_size=&#8221;3&#8243; column_width_percent=&#8221;100&#8243; shift_y=&#8221;0&#8243; z_index=&#8221;0&#8243;][vc_column column_width_percent=&#8221;100&#8243; gutter_size=&#8221;2&#8243; back_color=&#8221;color-160780&#8243; overlay_alpha=&#8221;50&#8243; shift_x=&#8221;0&#8243; shift_y=&#8221;0&#8243; shift_y_down=&#8221;0&#8243; z_index=&#8221;0&#8243; medium_width=&#8221;0&#8243; mobile_width=&#8221;0&#8243; width=&#8221;1\/1&#8243;][vc_custom_heading heading_semantic=&#8221;h1&#8243; text_size=&#8221;h1&#8243; text_color=&#8221;color-150545&#8243;]<span class=\"font-315019\">MATERIAL DE APOIO<\/span>[\/vc_custom_heading][vc_column_text]O material de apoio desenvolvido para o curso est\u00e1 dividido por m\u00f3dulos, assim como as aulas.<\/p>\n<p>Aqui, a cada semana de curso voc\u00ea ter\u00e1 acesso \u00e0s principais refer\u00eancias e discuss\u00f5es abordadas nas aulas, e tamb\u00e9m poder\u00e1 compartilhar esse material com a sua equipe de trabalho para utiliz\u00e1-lo em outras oportunidades de forma\u00e7\u00e3o.[\/vc_column_text][vc_row_inner row_inner_height_percent=&#8221;0&#8243; overlay_alpha=&#8221;50&#8243; equal_height=&#8221;yes&#8221; gutter_size=&#8221;2&#8243; shift_y=&#8221;0&#8243; z_index=&#8221;0&#8243; limit_content=&#8221;&#8221;][vc_column_inner column_width_percent=&#8221;100&#8243; gutter_size=&#8221;0&#8243; overlay_alpha=&#8221;50&#8243; shift_x=&#8221;0&#8243; shift_y=&#8221;0&#8243; shift_y_down=&#8221;0&#8243; z_index=&#8221;0&#8243; medium_width=&#8221;0&#8243; mobile_width=&#8221;7&#8243; width=&#8221;1\/3&#8243;][vc_message message_color=&#8221;color-196449&#8243;]<\/p>\n<h2 style=\"text-align: center;\"><span style=\"color: #ffffff;\"><a style=\"color: #ffffff;\" href=\"https:\/\/cecip.org.br\/narrativasdepaz\/educacao-antirracista\/\"><strong><span class=\"font-315019\">CLIQUE E ACESSE O MATERIAL DE APOIO DO M\u00d3DULO 1<\/span><\/strong><\/a><\/span><\/h2>\n<p>[\/vc_message][vc_single_image media=&#8221;1843&#8243; media_width_percent=&#8221;100&#8243; media_ratio=&#8221;three-four&#8221; media_link=&#8221;url:https%3A%2F%2Fcecip.org.br%2Fnarrativasdepaz%2Feducacao-antirracista%2F|title:Educa%C3%A7%C3%A3o%20Antirracista&#8221;][\/vc_column_inner][vc_column_inner column_width_percent=&#8221;100&#8243; gutter_size=&#8221;0&#8243; overlay_alpha=&#8221;50&#8243; shift_x=&#8221;0&#8243; shift_y=&#8221;0&#8243; shift_y_down=&#8221;0&#8243; z_index=&#8221;0&#8243; medium_width=&#8221;4&#8243; mobile_width=&#8221;7&#8243; width=&#8221;1\/3&#8243;][vc_message message_color=&#8221;color-357322&#8243;]<\/p>\n<h2 style=\"text-align: center;\"><span style=\"color: #ffffff;\"><a style=\"color: #ffffff;\" href=\"https:\/\/cecip.org.br\/narrativasdepaz\/equidade-de-genero\/\"><strong><span class=\"font-315019\">CLIQUE AQUI E ACESSE O MATERIAL DO APOIO DE M\u00d3DULO II<\/span><\/strong><\/a><\/span><\/h2>\n<p>[\/vc_message][vc_single_image media=&#8221;1855&#8243; media_width_percent=&#8221;100&#8243; media_ratio=&#8221;three-four&#8221; alignment=&#8221;center&#8221; shape=&#8221;img-round&#8221; media_link=&#8221;url:https%3A%2F%2Fcecip.org.br%2Fnarrativasdepaz%2Fequidade-de-genero%2F|title:Equidade%20de%20G%C3%AAnero&#8221;][\/vc_column_inner][vc_column_inner column_width_percent=&#8221;100&#8243; gutter_size=&#8221;0&#8243; overlay_alpha=&#8221;50&#8243; shift_x=&#8221;0&#8243; shift_y=&#8221;0&#8243; shift_y_down=&#8221;0&#8243; z_index=&#8221;0&#8243; medium_width=&#8221;4&#8243; mobile_width=&#8221;7&#8243; width=&#8221;1\/3&#8243;][vc_message message_color=&#8221;color-vyce&#8221;]<\/p>\n<h2 style=\"text-align: center;\"><a href=\"https:\/\/cecip.org.br\/narrativasdepaz\/cultura-de-paz\/\"><strong><span style=\"color: #ffffff;\"><span class=\"font-315019\">CLIQUE AQUI E ACESSE O MATERIAL DE APOIO DO M\u00d3DULO III<\/span><\/span><\/strong><\/a><\/h2>\n<p>[\/vc_message][vc_single_image media=&#8221;1845&#8243; media_width_percent=&#8221;100&#8243; media_ratio=&#8221;three-four&#8221; media_link=&#8221;url:https%3A%2F%2Fcecip.org.br%2Fnarrativasdepaz%2Fcultura-de-paz%2F|title:Cultura%20de%20Paz&#8221;][\/vc_column_inner][\/vc_row_inner][vc_column_text]Nosso objetivo \u00e9 abrir espa\u00e7o para o di\u00e1logo sobre esses tr\u00eas temas com os participantes e suas equipes. Entendemos que a cultura de paz se constr\u00f3i com muito di\u00e1logo e que \u00e9 preciso transformar a maneira como as crian\u00e7as s\u00e3o educadas para construirmos um mundo cada vez menos violento e desigual.<\/p>\n<p>Somos uma equipe que tamb\u00e9m est\u00e1 aprendendo sobre racismo, g\u00eanero e a desconstru\u00e7\u00e3o de lugares de opress\u00e3o, por isso esse material \u00e9 amparado em refer\u00eancias, especialistas reconhecidos nesse temas, e em documentos legais. Por aqui voc\u00ea pode acessar alguns documentos normativos e leis que nos apoiam neste curso, basta clicar abaixo:[\/vc_column_text][vc_button button_color=&#8221;color-225416&#8243; border_width=&#8221;0&#8243; link=&#8221;url:http%3A%2F%2Fbasenacionalcomum.mec.gov.br%2F|title:Base%20Nacional%20Comum%20Curricular%20(BNCC)|target:_blank&#8221;]Base Nacional Comum Curricular (BNCC)[\/vc_button][vc_button button_color=&#8221;color-225416&#8243; border_width=&#8221;0&#8243; link=&#8221;url:https%3A%2F%2Fwww.planalto.gov.br%2Fccivil_03%2Fleis%2Fl8069.htm|title:Estatuto%20da%20Crian%C3%A7a%20e%20do%20Adolescente%20(ECA)|target:_blank&#8221;]Estatuto da Crian\u00e7a e do Adolescente (ECA)[\/vc_button][vc_button button_color=&#8221;color-225416&#8243; border_width=&#8221;0&#8243; link=&#8221;url:https%3A%2F%2Fwww.planalto.gov.br%2Fccivil_03%2F_ato2015-2018%2F2016%2Flei%2Fl13257.htm|title:Marco%20Legal%20da%20Primeira%20Inf%C3%A2ncia|target:_blank&#8221;]Marco Legal da Primeira Inf\u00e2ncia[\/vc_button][vc_button button_color=&#8221;color-225416&#8243; border_width=&#8221;0&#8243; link=&#8221;url:https%3A%2F%2Fwww.planalto.gov.br%2Fccivil_03%2F_ato2011-2014%2F2014%2Flei%2Fl13010.htm|title:Lei%20Menino%20Bernardo|target:_blank&#8221;]Lei Menino Bernardo[\/vc_button][\/vc_column][\/vc_row]<\/p>\n","protected":false},"excerpt":{"rendered":"<p>[vc_row][vc_column width=&#8221;1\/1&#8243;][vc_single_image media=&#8221;1524&#8243; media_width_percent=&#8221;100&#8243; alignment=&#8221;center&#8221;][\/vc_column][\/vc_row][vc_row][vc_column column_width_percent=&#8221;100&#8243; gutter_size=&#8221;3&#8243; back_color=&#8221;color-160780&#8243; overlay_alpha=&#8221;50&#8243; shift_x=&#8221;0&#8243; shift_y=&#8221;0&#8243; shift_y_down=&#8221;0&#8243; z_index=&#8221;0&#8243; medium_width=&#8221;0&#8243; mobile_width=&#8221;0&#8243; width=&#8221;1\/1&#8243;][vc_custom_heading auto_text=&#8221;yes&#8221; heading_semantic=&#8221;h1&#8243; text_font=&#8221;font-315019&#8243; text_size=&#8221;fontsize-168100&#8243; [&hellip;]<\/p>\n","protected":false},"author":1,"featured_media":0,"parent":0,"menu_order":0,"comment_status":"closed","ping_status":"closed","template":"","meta":[],"_links":{"self":[{"href":"https:\/\/cecip.org.br\/narrativasdepaz\/wp-json\/wp\/v2\/pages\/1561"}],"collection":[{"href":"https:\/\/cecip.org.br\/narrativasdepaz\/wp-json\/wp\/v2\/pages"}],"about":[{"href":"https:\/\/cecip.org.br\/narrativasdepaz\/wp-json\/wp\/v2\/types\/page"}],"author":[{"embeddable":true,"href":"https:\/\/cecip.org.br\/narrativasdepaz\/wp-json\/wp\/v2\/users\/1"}],"replies":[{"embeddable":true,"href":"https:\/\/cecip.org.br\/narrativasdepaz\/wp-json\/wp\/v2\/comments?post=1561"}],"version-history":[{"count":77,"href":"https:\/\/cecip.org.br\/narrativasdepaz\/wp-json\/wp\/v2\/pages\/1561\/revisions"}],"predecessor-version":[{"id":1885,"href":"https:\/\/cecip.org.br\/narrativasdepaz\/wp-json\/wp\/v2\/pages\/1561\/revisions\/1885"}],"wp:attachment":[{"href":"https:\/\/cecip.org.br\/narrativasdepaz\/wp-json\/wp\/v2\/media?parent=1561"}],"curies":[{"name":"wp","href":"https:\/\/api.w.org\/{rel}","templated":true}]}}