{"id":1632,"date":"2024-02-05T15:08:54","date_gmt":"2024-02-05T15:08:54","guid":{"rendered":"https:\/\/cecip.org.br\/narrativasdepaz\/?page_id=1632"},"modified":"2024-03-20T12:34:02","modified_gmt":"2024-03-20T12:34:02","slug":"educacao-antirracista","status":"publish","type":"page","link":"https:\/\/cecip.org.br\/narrativasdepaz\/educacao-antirracista\/","title":{"rendered":"Educa\u00e7\u00e3o Antirracista"},"content":{"rendered":"<p>[vc_row][vc_column width=&#8221;1\/4&#8243;][vc_single_image media=&#8221;1819&#8243; media_width_percent=&#8221;70&#8243; alignment=&#8221;right&#8221;][\/vc_column][vc_column column_width_percent=&#8221;100&#8243; position_horizontal=&#8221;left&#8221; position_vertical=&#8221;middle&#8221; gutter_size=&#8221;3&#8243; overlay_alpha=&#8221;50&#8243; shift_x=&#8221;0&#8243; shift_y=&#8221;0&#8243; shift_y_down=&#8221;0&#8243; z_index=&#8221;0&#8243; medium_width=&#8221;0&#8243; mobile_width=&#8221;0&#8243; width=&#8221;3\/4&#8243;][vc_custom_heading auto_text=&#8221;yes&#8221; heading_semantic=&#8221;h1&#8243; text_font=&#8221;font-315019&#8243; text_size=&#8221;fontsize-168100&#8243; text_color=&#8221;color-150545&#8243;]Quem somos[\/vc_custom_heading][\/vc_column][\/vc_row][vc_row][vc_column column_width_percent=&#8221;100&#8243; gutter_size=&#8221;3&#8243; back_color=&#8221;color-208561&#8243; overlay_alpha=&#8221;50&#8243; border_style=&#8221;dashed&#8221; shift_x=&#8221;0&#8243; shift_y=&#8221;0&#8243; shift_y_down=&#8221;0&#8243; z_index=&#8221;0&#8243; medium_width=&#8221;0&#8243; mobile_width=&#8221;0&#8243; width=&#8221;1\/1&#8243;][vc_column_text text_lead=&#8221;yes&#8221;]<\/p>\n<div class=\"uncode_text_column\">\n<p>Neste m\u00f3dulo dialogamos e refletimos com m\u00fasica, poema, literatura infantil, a Base Nacional Comum Curricular \u2013 BNCC e o texto da Azoilda Loretto da Trindade sobre os Valores Civilizat\u00f3rios Afro-Brasileiros na Educa\u00e7\u00e3o Infantil. O debate e o estudo da Hist\u00f3ria e Cultura Afro-Brasileira, Ind\u00edgena e Africana nas institui\u00e7\u00f5es de ensinos p\u00fablico e privado inicia no sistema educacional brasileiro no ano 2003 com as Leis: 10.639\/2003 e 11.645\/2008 que \u00e9 fruto de muita luta travada pelos movimentos negros organizados sobretudo por mulheres. Debatemos sobre nossas pr\u00e1ticas na educa\u00e7\u00e3o infantil porque entendemos que educa\u00e7\u00e3o \u00e9 processo cont\u00ednuo, dial\u00f3gico e democr\u00e1tico. Entendemos que Educa\u00e7\u00e3o Infantil e Educa\u00e7\u00e3o Antirracista dialoga com direito \u00e0 vida e ao bem viver dos corpos e mentes das crian\u00e7as. Nos propomos neste m\u00f3dulo refletir com compromisso e \u00e9tica sobre as pr\u00e1ticas docentes e pedag\u00f3gicas na e para a Educa\u00e7\u00e3o Infantil e as Rela\u00e7\u00f5es \u00c9tnico-Raciais em di\u00e1logo com as experi\u00eancias cotidianas.<\/p>\n<\/div>\n<p>[\/vc_column_text][\/vc_column][\/vc_row][vc_row][vc_column width=&#8221;1\/1&#8243;][vc_custom_heading heading_semantic=&#8221;h1&#8243; text_font=&#8221;font-315019&#8243; text_size=&#8221;fontsize-168100&#8243; text_color=&#8221;color-150545&#8243;]Material de Apoio[\/vc_custom_heading][vc_custom_heading heading_semantic=&#8221;h1&#8243; text_font=&#8221;font-315019&#8243; text_size=&#8221;h1&#8243; text_color=&#8221;color-150545&#8243;]V\u00eddeos[\/vc_custom_heading][vc_button button_color=&#8221;color-196449&#8243; border_width=&#8221;0&#8243; link=&#8221;url:https%3A%2F%2Fyoutu.be%2FZUtLR1ZWtEY%3Fsi%3D1oPdlWJ5PCltPPta|title:Chimamanda%20Adichie|target:_blank&#8221;][LEGENDADO] Chimamanda Adichie &#8211; O perigo de uma hist\u00f3ria \u00fanica[\/vc_button][vc_button button_color=&#8221;color-196449&#8243; border_width=&#8221;0&#8243; link=&#8221;url:https%3A%2F%2Fyoutu.be%2FqDovHZVdyVQ%3Fsi%3DcuX94n7FvWuInjhK|title:DUBLADO|target:_blank&#8221;][DUBLADO] Chimamanda Adichie &#8211; O perigo de uma hist\u00f3ria \u00fanica[\/vc_button][vc_button button_color=&#8221;color-196449&#8243; border_width=&#8221;0&#8243; link=&#8221;url:https%3A%2F%2Fyoutu.be%2F5QBXp-MqF18%3Fsi%3DXRfBtdjldElB0Dco|title:V%C3%ADdeo%20Concei%C3%A7%C3%A3o%20Evaristo|target:_blank&#8221;]Concei\u00e7\u00e3o Evaristo &#8211; Programa Ocupa\u00e7\u00e3o, 2017[\/vc_button][vc_button button_color=&#8221;color-196449&#8243; border_width=&#8221;0&#8243; link=&#8221;url:https%3A%2F%2Fyoutu.be%2Fg52jzCTUKXA%3Fsi%3Dtwx7s7yxBzxpG5au|title:Poema%20cantado%20de%20Victoria%20Santa%20Cruz|target:_blank&#8221;][Legendado] GRITARAM ME NEGRA &#8211; Poema cantado de Victoria Santa Cruz[\/vc_button][vc_button button_color=&#8221;color-196449&#8243; border_width=&#8221;0&#8243; link=&#8221;url:https%3A%2F%2Fyoutu.be%2FxoaJyoDnvQ4%3Fsi%3DuIt2jnbELjsbZeFO|title:Nara%20Couto%20-%20Linda%20e%20preta|target:_blank&#8221;]Nara Couto &#8211; Linda e preta[\/vc_button][vc_button button_color=&#8221;color-196449&#8243; border_width=&#8221;0&#8243; link=&#8221;url:https%3A%2F%2Fyoutu.be%2FJt8-X5TGXo0%3Fsi%3DlMEaPCWV3DlqkYq4|title:Projeto%20Territ%C3%B3rio%20do%20Brincar|target:_blank&#8221;]Projeto Territ\u00f3rio do Brincar &#8211; 3\u00ba Regi\u00e3o &#8211; Territ\u00f3rio Ind\u00edgena Panar\u00e1, Par\u00e1[\/vc_button][vc_button button_color=&#8221;color-196449&#8243; border_width=&#8221;0&#8243; link=&#8221;url:https%3A%2F%2Fyoutu.be%2FRQn18yRtUrA%3Fsi%3DdKvgTvuhC1m7FZ-0|title:Qual%20%C3%A9%20a%20cor%20da%20sua%20hist%C3%B3ria%3F|target:_blank&#8221;]Qual \u00e9 a cor da sua hist\u00f3ria? Canal Futura[\/vc_button][vc_button button_color=&#8221;color-196449&#8243; border_width=&#8221;0&#8243; link=&#8221;url:https%3A%2F%2Fyoutu.be%2F_Ham4DorpAk%3Fsi%3DAN2eUgHUYk-nqa0D|title:Projeto%20Territ%C3%B3rio%20do%20Brincar|target:_blank&#8221;]Trailer do document\u00e1rio Territ\u00f3rio do Brincar[\/vc_button][vc_custom_heading heading_semantic=&#8221;h1&#8243; text_font=&#8221;font-315019&#8243; text_size=&#8221;h1&#8243; text_color=&#8221;color-150545&#8243;]Textos[\/vc_custom_heading][vc_button button_color=&#8221;color-196449&#8243; border_width=&#8221;0&#8243; link=&#8221;url:https%3A%2F%2Fwww.geledes.org.br%2Fazoilda-presente%2F|title:Azoilda%20presente|target:_blank&#8221;]Azoilda presente! &#8211; Portal Geled\u00e9s, 2015[\/vc_button][vc_button button_color=&#8221;color-196449&#8243; border_width=&#8221;0&#8243; link=&#8221;url:http%3A%2F%2Fbasenacionalcomum.mec.gov.br%2Fabase%2F%23infantil|title:Base%20Nacional%20Comum%20Curricular|target:_blank&#8221;]Base Nacional Comum Curricular, 2018[\/vc_button][vc_button button_color=&#8221;color-196449&#8243; border_width=&#8221;0&#8243; link=&#8221;url:https%3A%2F%2Fdownload.inep.gov.br%2Fpublicacoes%2Fdiversas%2Ftemas_interdisciplinares%2Fdiretrizes_curriculares_nacionais_para_a_educacao_das_relacoes_etnico_raciais_e_para_o_ensino_de_historia_e_cultura_afro_brasileira_e_africana.pdf|title:Minist%C3%A9rio%20da%20Educa%C3%A7%C3%A3o&#8221;]Diretrizes Curriculares Nacionais para Educa\u00e7\u00e3o das Rela\u00e7\u00f5es \u00c9tnico-raciais e para o Ensino de Hist\u00f3ria e Cultura Afro-brasileira e Africana. Minist\u00e9rio da Educa\u00e7\u00e3o, 2004[\/vc_button][vc_button button_color=&#8221;color-196449&#8243; border_width=&#8221;0&#8243; link=&#8221;url:http%3A%2F%2Fportal.mec.gov.br%2Fdmdocuments%2Fdiretrizescurriculares_2012.pdf|title:Diretrizes%20Curriculares%20Nacionais%20para%20a%20Educa%C3%A7%C3%A3o%20Infantil|target:_blank&#8221;]Diretrizes Curriculares Nacionais para a Educa\u00e7\u00e3o Infantil, 2012[\/vc_button][vc_button button_color=&#8221;color-196449&#8243; border_width=&#8221;0&#8243; link=&#8221;url:https%3A%2F%2Fdrive.google.com%2Ffile%2Fd%2F1J7GgVzB4vPAc6hhU2grW9iN2Wi8dhcT1%2Fview%3Fusp%3Dsharing|title:Ideias%20para%20adiar%20o%20fim%20do%20mundo|target:_blank&#8221;]Ideias para adiar o fim do mundo, de Ailton Krenak, 2019[\/vc_button][vc_button button_color=&#8221;color-196449&#8243; border_width=&#8221;0&#8243; link=&#8221;url:https%3A%2F%2Fwww.geledes.org.br%2Fgritaron-negra-poeta-victoria-santa-cruz%2F|title:%20A%20poeta%20Victoria%20Santa%20Cruz|target:_blank&#8221;]Me gritaron negra! A poeta Victoria Santa Cruz &#8211; Portal GELED\u00c9S, 2012[\/vc_button][vc_button button_color=&#8221;color-196449&#8243; border_width=&#8221;0&#8243; link=&#8221;url:https%3A%2F%2Fcogetes.epsjv.fiocruz.br%2Fstorage%2FANEXO_SOCIOLOGIA_2%25C2%25BAANO_PEQUENO_MANUAL_ANTIRRACISTA_RIBEIRO_DJAMILA-v_5f0659881d9e4.pdf|title:Pequeno%20Manual%20Antirracista|target:_blank&#8221;]Pequeno Manual Antirracista, de Djamila Ribeiro,2019[\/vc_button][vc_button button_color=&#8221;color-196449&#8243; border_width=&#8221;0&#8243; link=&#8221;url:https%3A%2F%2Fwww.geledes.org.br%2Fprimeira-infancia%2F|title:Pequeno%20Manual%20Antirracista|target:_blank&#8221;]Primeira Inf\u00e2ncia no Centro &#8211; GELED\u00c9S, 2023[\/vc_button][vc_button button_color=&#8221;color-196449&#8243; border_width=&#8221;0&#8243; link=&#8221;url:https%3A%2F%2Finstitutoressurgir.org%2Fwp-content%2Fuploads%2F2018%2F07%2FRacismo-Sexismo-e-Desigualdade-Sueli-Carneiro-1.pdf|title:O%20pacto%20da%20branquitude|target:_blank&#8221;]Racismo, Sexismo e desigualdades no Brasil, de Sueli Carneiro, 2011[\/vc_button][vc_button button_color=&#8221;color-196449&#8243; border_width=&#8221;0&#8243; link=&#8221;title:Valores%20e%20refer%C3%AAncias%20afro-brasileiros|target:_blank&#8221;]Valores e refer\u00eancias afro-brasileiros, de Azoilda Tirndade[\/vc_button][vc_custom_heading heading_semantic=&#8221;h1&#8243; text_font=&#8221;font-315019&#8243; text_size=&#8221;h1&#8243; text_color=&#8221;color-150545&#8243;]Links para pesquisa[\/vc_custom_heading][vc_button button_color=&#8221;color-196449&#8243; border_width=&#8221;0&#8243; link=&#8221;url:https%3A%2F%2Fwww.ceert.org.br%2F|title:Valores%20e%20refer%C3%AAncias%20afro-brasileiros|target:_blank&#8221;]Centro de Estudos das Rela\u00e7\u00f5es de Trabalho e Desigualdades \u2013 CEERT[\/vc_button][vc_button button_color=&#8221;color-196449&#8243; border_width=&#8221;0&#8243; link=&#8221;url:https%3A%2F%2Fanansi.ceert.org.br%2Fbiblioteca|title:Biblioteca%20CEERT|target:_blank&#8221;]Biblioteca CEERT sobre igualdade racial e da equidade na educa\u00e7\u00e3o b\u00e1sica[\/vc_button][vc_button button_color=&#8221;color-196449&#8243; border_width=&#8221;0&#8243; link=&#8221;url:https%3A%2F%2Fwww.geledes.org.br%2F|title:Biblioteca%20CEERT|target:_blank&#8221;]GELED\u00c9S Instituto da Mulher Negra[\/vc_button][\/vc_column][\/vc_row][vc_row][vc_column column_width_percent=&#8221;100&#8243; gutter_size=&#8221;3&#8243; overlay_alpha=&#8221;50&#8243; shift_x=&#8221;0&#8243; shift_y=&#8221;0&#8243; shift_y_down=&#8221;0&#8243; z_index=&#8221;0&#8243; medium_width=&#8221;0&#8243; mobile_width=&#8221;0&#8243; width=&#8221;1\/1&#8243;][vc_custom_heading heading_semantic=&#8221;h1&#8243; text_font=&#8221;font-315019&#8243; text_size=&#8221;h1&#8243; text_color=&#8221;color-150545&#8243;]Literatura Infantil[\/vc_custom_heading][vc_button button_color=&#8221;color-196449&#8243; border_width=&#8221;0&#8243; link=&#8221;url:https%3A%2F%2Fwww.companhiadasletras.com.br%2Flivro%2F9788574068367%2Famoras|title:Amoras%2C%20de%20Emicida|target:_blank&#8221;]Amoras, de Emicida[\/vc_button][vc_button button_color=&#8221;color-196449&#8243; border_width=&#8221;0&#8243; link=&#8221;url:https%3A%2F%2Fmazzaedicoes.com.br%2Fproject%2Fbetina%2F|title:Betina%2C%20de%20Nilma%20Lino%20Gomes|target:_blank&#8221;]Betina, de Nilma Lino Gomes[\/vc_button][vc_button button_color=&#8221;color-196449&#8243; border_width=&#8221;0&#8243; link=&#8221;url:https%3A%2F%2Fwww.companhiadasletras.com.br%2Flivro%2F9788574122175%2Fchuva-de-manga|title:Chuva%20de%20Manga%2C%20de%20James%20Rumford|target:_blank&#8221;]Chuva de Manga, de James Rumford[\/vc_button][vc_button button_color=&#8221;color-196449&#8243; border_width=&#8221;0&#8243; link=&#8221;url:https%3A%2F%2Fwww.companhiadasletras.com.br%2Flivro%2F9788574069197%2Fe-foi-assim-que-eu-e-a-escuridao-ficamos-amigas|title:E%20foi%20assim%20que%20eu%20e%20a%20Escurid%C3%A3o%20ficamos%20amigas%2C%20de%20Emicida|target:_blank&#8221;]E foi assim que eu e a Escurid\u00e3o ficamos amigas, de Emicida[\/vc_button][vc_button button_color=&#8221;color-196449&#8243; border_width=&#8221;0&#8243; link=&#8221;url:https%3A%2F%2Fwww.grupoeditorialzit.com.br%2Finfantil%2Fenquanto-o-almoco-nao-fica-pronto|title:Enquanto%20o%20almo%C3%A7o%20n%C3%A3o%20fica%20pronto%2C%20de%20Sonia%20Rosa|target:_blank&#8221;]Enquanto o almo\u00e7o n\u00e3o fica pronto, de Sonia Rosa[\/vc_button][vc_button button_color=&#8221;color-196449&#8243; border_width=&#8221;0&#8243; link=&#8221;url:https%3A%2F%2Fwww.boitempoeditorial.com.br%2Fproduto%2Fmeu-crespo-e-de-rainha-773|title:Meu%20crespo%20%C3%A9%20de%20Rainha%2C%20de%20bel%20hooks|target:_blank&#8221;]Meu crespo \u00e9 de Rainha, de bel hooks[\/vc_button][vc_button button_color=&#8221;color-196449&#8243; border_width=&#8221;0&#8243; link=&#8221;url:https%3A%2F%2Fwww.pallaseditora.com.br%2Fproduto%2FO_menino_Nito%2F102%2F|title:O%20Menino%20Nito%2C%20de%20Sonia%20Rosa|target:_blank&#8221;]O Menino Nito, de Sonia Rosa[\/vc_button][vc_button button_color=&#8221;color-196449&#8243; border_width=&#8221;0&#8243; link=&#8221;url:https%3A%2F%2Fwww.editorapeiropolis.com.br%2Fproduto%2Fo-mundo-no-black-power-de-tayo%2F|title:O%20Mundo%20no%20Black%20Power%20de%20Tay%C3%B3%2C%20de%20Kusan%20de%20Oliveira|target:_blank&#8221;]O Mundo no Black Power de Tay\u00f3, de Kusan de Oliveira[\/vc_button][vc_button button_color=&#8221;color-196449&#8243; border_width=&#8221;0&#8243; link=&#8221;url:https%3A%2F%2Fwww.companhiadasletras.com.br%2FblogDaLetrinhas%2FPost%2F5234%2Ftesouro-de-monifa-e-delicada-historia-sobre-memoria-e-ancestralidade|title:O%20Tesouro%20de%20Monifa%2C%20de%20Sonia%20Rosa|target:_blank&#8221;]O Tesouro de Monifa, de Sonia Rosa[\/vc_button][\/vc_column][\/vc_row][vc_row][vc_column width=&#8221;1\/1&#8243;][vc_custom_heading heading_semantic=&#8221;h1&#8243; text_font=&#8221;font-315019&#8243; text_size=&#8221;h1&#8243; text_color=&#8221;color-150545&#8243;]Bibliografia para aprofundamento[\/vc_custom_heading][\/vc_column][\/vc_row][vc_row][vc_column column_width_percent=&#8221;100&#8243; gutter_size=&#8221;3&#8243; back_color=&#8221;color-208561&#8243; overlay_alpha=&#8221;50&#8243; border_style=&#8221;dashed&#8221; shift_x=&#8221;0&#8243; shift_y=&#8221;0&#8243; shift_y_down=&#8221;0&#8243; z_index=&#8221;0&#8243; medium_width=&#8221;0&#8243; mobile_width=&#8221;0&#8243; width=&#8221;1\/1&#8243;][vc_column_text text_lead=&#8221;yes&#8221;]<\/p>\n<div class=\"uncode_text_column\">\n<p>ADCHIE, Chimanda. O Perigo de uma Hist\u00f3ria \u00danica. S\u00e3o Paulo: Companhia das Letras, 2019.<\/p>\n<p>ALMEIDA, Silvio Luiz de. O que \u00e9 racismo estrutural? Belo Horizonte\u00a0 (MG): Letramento, 2018.<\/p>\n<p>BENTO, Cida. O pacto da branquitude. S\u00e3o Paulo: Companhia das Letras, 2022.<\/p>\n<p>CAMPOS, Carmen Lucia (Org.). Hist\u00f3ria e Cultura dos povos ind\u00edgenas no Brasil. S\u00e3o Paulo: Barsa Planeta, 2011.<\/p>\n<p>CAVALLEIRO, Eliane. Do sil\u00eancio do Lar ao Sil\u00eancio Escolar: Racismo, Preconceito e Discrimina\u00e7\u00e3o na Educa\u00e7\u00e3o Infantil. S\u00e3o Paulo: Contexto, 2000.<\/p>\n<p>GOMES, Nilma Lino. (Orgs.). Educa\u00e7\u00e3o e ra\u00e7a: perspectivas pol\u00edticas, pedag\u00f3gicas, est\u00e9ticas. Belo Horizonte: Aut\u00eantica, 2010.<\/p>\n<p>GOMES, Nilma Lino. SILVA, Petronilha Beatriz Gon\u00e7alves e. Experi\u00eancias \u00c9tnico-Culturais para forma\u00e7\u00e3o de professores. Belo Horizonte: Aut\u00eantica, 2002.<\/p>\n<p>hooks, bell. Ensinando a transgredir: a educa\u00e7\u00e3o como pr\u00e1tica de liberdade. S\u00e3o Paulo: WMF Martins Fontes, 2017.<\/p>\n<p>KRENAK, Ailton. Ideias para adiar o fim do mundo. S\u00e3o Paulo: Companhia das Letras, 2019.<\/p>\n<p>MUNDURUKU, Daniel. Coisas de \u00edndio. S\u00e3o Paulo: Callis, 2000.<\/p>\n<p>____________. O Car\u00e1ter educativo do movimento ind\u00edgena brasileiro. S\u00e3o Paulo: Paulinas, 2012<\/p>\n<p>NUNES, M\u00edghian Danae Ferreira. Cad\u00ea as crian\u00e7as negras que est\u00e3o aqui?: o racismo (n\u00e3o) comeu. UFAL, Revista Latitude, Vol.10, no 2, pp.383-423, 2016.<\/p>\n<p>RIBEIRO, Djamila. Racismo e anti-racismo na educa\u00e7\u00e3o: Repensando nossa escola. S\u00e3o Paulo: Selo Negro, 2001.<\/p>\n<p><span class=\"OYPEnA text-decoration-none text-strikethrough-none\">CARNEIRO, Sueli. <\/span><span class=\"OYPEnA text-decoration-none text-strikethrough-none\">Racismo, sexismo e desigualdade no Brasil<\/span><span class=\"OYPEnA text-decoration-none text-strikethrough-none\">. S\u00e3o Paulo: Selo Negro, 2011.<\/span><\/p>\n<\/div>\n<p>[\/vc_column_text][\/vc_column][\/vc_row][vc_row][vc_column column_width_percent=&#8221;100&#8243; align_horizontal=&#8221;align_right&#8221; gutter_size=&#8221;3&#8243; overlay_alpha=&#8221;50&#8243; shift_x=&#8221;0&#8243; shift_y=&#8221;0&#8243; shift_y_down=&#8221;0&#8243; z_index=&#8221;0&#8243; medium_width=&#8221;0&#8243; mobile_width=&#8221;0&#8243; width=&#8221;1\/1&#8243;][vc_button button_color=&#8221;color-150545&#8243; border_width=&#8221;0&#8243; link=&#8221;url:https%3A%2F%2Fcecip.org.br%2Fnarrativasdepaz%2F%3Fpage_id%3D1561%26preview%3Dtrue|title:Voltar&#8221; icon=&#8221;fa fa-arrow-back&#8221;]Voltar[\/vc_button][\/vc_column][\/vc_row]<\/p>\n","protected":false},"excerpt":{"rendered":"<p>[vc_row][vc_column width=&#8221;1\/4&#8243;][vc_single_image media=&#8221;1819&#8243; media_width_percent=&#8221;70&#8243; alignment=&#8221;right&#8221;][\/vc_column][vc_column column_width_percent=&#8221;100&#8243; position_horizontal=&#8221;left&#8221; position_vertical=&#8221;middle&#8221; gutter_size=&#8221;3&#8243; overlay_alpha=&#8221;50&#8243; shift_x=&#8221;0&#8243; shift_y=&#8221;0&#8243; shift_y_down=&#8221;0&#8243; z_index=&#8221;0&#8243; medium_width=&#8221;0&#8243; mobile_width=&#8221;0&#8243; width=&#8221;3\/4&#8243;][vc_custom_heading auto_text=&#8221;yes&#8221; heading_semantic=&#8221;h1&#8243; text_font=&#8221;font-315019&#8243; [&hellip;]<\/p>\n","protected":false},"author":1,"featured_media":0,"parent":0,"menu_order":0,"comment_status":"closed","ping_status":"closed","template":"","meta":[],"_links":{"self":[{"href":"https:\/\/cecip.org.br\/narrativasdepaz\/wp-json\/wp\/v2\/pages\/1632"}],"collection":[{"href":"https:\/\/cecip.org.br\/narrativasdepaz\/wp-json\/wp\/v2\/pages"}],"about":[{"href":"https:\/\/cecip.org.br\/narrativasdepaz\/wp-json\/wp\/v2\/types\/page"}],"author":[{"embeddable":true,"href":"https:\/\/cecip.org.br\/narrativasdepaz\/wp-json\/wp\/v2\/users\/1"}],"replies":[{"embeddable":true,"href":"https:\/\/cecip.org.br\/narrativasdepaz\/wp-json\/wp\/v2\/comments?post=1632"}],"version-history":[{"count":101,"href":"https:\/\/cecip.org.br\/narrativasdepaz\/wp-json\/wp\/v2\/pages\/1632\/revisions"}],"predecessor-version":[{"id":1893,"href":"https:\/\/cecip.org.br\/narrativasdepaz\/wp-json\/wp\/v2\/pages\/1632\/revisions\/1893"}],"wp:attachment":[{"href":"https:\/\/cecip.org.br\/narrativasdepaz\/wp-json\/wp\/v2\/media?parent=1632"}],"curies":[{"name":"wp","href":"https:\/\/api.w.org\/{rel}","templated":true}]}}