{"id":10014,"date":"2015-02-20T18:32:06","date_gmt":"2017-04-30T23:00:15","guid":{"rendered":"https:\/\/cecip.org.br\/tvmaxambomba\/?p=10014"},"modified":"2017-09-20T12:02:08","modified_gmt":"2017-09-20T15:02:08","slug":"uma-camera-na-mao-e-centenas-de-ideias-na-cabeca","status":"publish","type":"page","link":"https:\/\/cecip.org.br\/tvmaxambomba\/index.php\/publicacoes-pub\/texto-pub\/uma-camera-na-mao-e-centenas-de-ideias-na-cabeca\/","title":{"rendered":"Uma c\u00e2mera na m\u00e3o e centenas de ideias na cabe\u00e7a"},"content":{"rendered":"<body><p>Mat\u00e9ria sobre o Projeto Rep\u00f3rter de Bairro<\/p>\n<\/body>","protected":false},"excerpt":{"rendered":"<p>Mat\u00e9ria sobre o Projeto Rep\u00f3rter de Bairro<\/p>\n","protected":false},"author":1,"featured_media":0,"parent":11058,"menu_order":0,"comment_status":"open","ping_status":"open","template":"","meta":{"_acf_changed":false,"om_disable_all_campaigns":false,"footnotes":""},"tags":[8],"class_list":["post-10014","page","type-page","status-publish","hentry","tag-comunidade"],"acf":[],"jetpack_sharing_enabled":true,"_links":{"self":[{"href":"https:\/\/cecip.org.br\/tvmaxambomba\/index.php\/wp-json\/wp\/v2\/pages\/10014"}],"collection":[{"href":"https:\/\/cecip.org.br\/tvmaxambomba\/index.php\/wp-json\/wp\/v2\/pages"}],"about":[{"href":"https:\/\/cecip.org.br\/tvmaxambomba\/index.php\/wp-json\/wp\/v2\/types\/page"}],"author":[{"embeddable":true,"href":"https:\/\/cecip.org.br\/tvmaxambomba\/index.php\/wp-json\/wp\/v2\/users\/1"}],"replies":[{"embeddable":true,"href":"https:\/\/cecip.org.br\/tvmaxambomba\/index.php\/wp-json\/wp\/v2\/comments?post=10014"}],"version-history":[{"count":6,"href":"https:\/\/cecip.org.br\/tvmaxambomba\/index.php\/wp-json\/wp\/v2\/pages\/10014\/revisions"}],"predecessor-version":[{"id":12111,"href":"https:\/\/cecip.org.br\/tvmaxambomba\/index.php\/wp-json\/wp\/v2\/pages\/10014\/revisions\/12111"}],"up":[{"embeddable":true,"href":"https:\/\/cecip.org.br\/tvmaxambomba\/index.php\/wp-json\/wp\/v2\/pages\/11058"}],"wp:attachment":[{"href":"https:\/\/cecip.org.br\/tvmaxambomba\/index.php\/wp-json\/wp\/v2\/media?parent=10014"}],"wp:term":[{"taxonomy":"post_tag","embeddable":true,"href":"https:\/\/cecip.org.br\/tvmaxambomba\/index.php\/wp-json\/wp\/v2\/tags?post=10014"}],"curies":[{"name":"wp","href":"https:\/\/api.w.org\/{rel}","templated":true}]}}