{"id":10016,"date":"2015-02-20T18:25:47","date_gmt":"2017-04-30T23:00:15","guid":{"rendered":"https:\/\/cecip.org.br\/tvmaxambomba\/?p=10016"},"modified":"2017-09-20T12:10:34","modified_gmt":"2017-09-20T15:10:34","slug":"tv-pinel-essa-estacao-e-uma-saudavel-loucura","status":"publish","type":"page","link":"https:\/\/cecip.org.br\/tvmaxambomba\/index.php\/publicacoes-pub\/texto-pub\/tv-pinel-essa-estacao-e-uma-saudavel-loucura\/","title":{"rendered":"TV Pinel: essa esta\u00e7\u00e3o \u00e9 uma saud\u00e1vel loucura"},"content":{"rendered":"","protected":false},"excerpt":{"rendered":"","protected":false},"author":1,"featured_media":0,"parent":11058,"menu_order":0,"comment_status":"open","ping_status":"open","template":"","meta":{"_acf_changed":false,"om_disable_all_campaigns":false,"footnotes":""},"tags":[10],"class_list":["post-10016","page","type-page","status-publish","hentry","tag-saude"],"acf":[],"jetpack_sharing_enabled":true,"_links":{"self":[{"href":"https:\/\/cecip.org.br\/tvmaxambomba\/index.php\/wp-json\/wp\/v2\/pages\/10016"}],"collection":[{"href":"https:\/\/cecip.org.br\/tvmaxambomba\/index.php\/wp-json\/wp\/v2\/pages"}],"about":[{"href":"https:\/\/cecip.org.br\/tvmaxambomba\/index.php\/wp-json\/wp\/v2\/types\/page"}],"author":[{"embeddable":true,"href":"https:\/\/cecip.org.br\/tvmaxambomba\/index.php\/wp-json\/wp\/v2\/users\/1"}],"replies":[{"embeddable":true,"href":"https:\/\/cecip.org.br\/tvmaxambomba\/index.php\/wp-json\/wp\/v2\/comments?post=10016"}],"version-history":[{"count":5,"href":"https:\/\/cecip.org.br\/tvmaxambomba\/index.php\/wp-json\/wp\/v2\/pages\/10016\/revisions"}],"predecessor-version":[{"id":12114,"href":"https:\/\/cecip.org.br\/tvmaxambomba\/index.php\/wp-json\/wp\/v2\/pages\/10016\/revisions\/12114"}],"up":[{"embeddable":true,"href":"https:\/\/cecip.org.br\/tvmaxambomba\/index.php\/wp-json\/wp\/v2\/pages\/11058"}],"wp:attachment":[{"href":"https:\/\/cecip.org.br\/tvmaxambomba\/index.php\/wp-json\/wp\/v2\/media?parent=10016"}],"wp:term":[{"taxonomy":"post_tag","embeddable":true,"href":"https:\/\/cecip.org.br\/tvmaxambomba\/index.php\/wp-json\/wp\/v2\/tags?post=10016"}],"curies":[{"name":"wp","href":"https:\/\/api.w.org\/{rel}","templated":true}]}}