{"id":10019,"date":"2014-10-07T19:15:03","date_gmt":"2017-04-30T23:00:15","guid":{"rendered":"https:\/\/cecip.org.br\/tvmaxambomba\/?p=10019"},"modified":"2017-09-13T18:37:00","modified_gmt":"2017-09-13T21:37:00","slug":"duas-palavrinhas","status":"publish","type":"page","link":"https:\/\/cecip.org.br\/tvmaxambomba\/index.php\/parcerias-par\/video-par\/duas-palavrinhas\/","title":{"rendered":"Duas palavrinhas"},"content":{"rendered":"<body><p>O v\u00eddeo fala da import\u00e2ncia das creches comunit\u00e1rias da Baixada Fluminense e de sua luta por uma pol\u00edtica p\u00fablica de atendimento \u00e0 faixa et\u00e1ria de 0 a 6 anos, conforme determina o Estatuto da Crian\u00e7a e do Adolescente.<\/p>\n<\/body>","protected":false},"excerpt":{"rendered":"<p>Este v\u00eddeo foi realizado em parceria com a Funda\u00e7\u00e3o F\u00e9 e Alegria do Brasil e N\u00facleo de Creches Comunit\u00e1rias da Baixada Fluminense.<\/p>\n","protected":false},"author":1,"featured_media":0,"parent":11052,"menu_order":0,"comment_status":"open","ping_status":"open","template":"","meta":{"_acf_changed":false,"om_disable_all_campaigns":false,"footnotes":""},"tags":[15,14,17,16],"class_list":["post-10019","page","type-page","status-publish","hentry","tag-direitos","tag-familia","tag-infancia","tag-politicas-publicas"],"acf":[],"jetpack_sharing_enabled":true,"_links":{"self":[{"href":"https:\/\/cecip.org.br\/tvmaxambomba\/index.php\/wp-json\/wp\/v2\/pages\/10019"}],"collection":[{"href":"https:\/\/cecip.org.br\/tvmaxambomba\/index.php\/wp-json\/wp\/v2\/pages"}],"about":[{"href":"https:\/\/cecip.org.br\/tvmaxambomba\/index.php\/wp-json\/wp\/v2\/types\/page"}],"author":[{"embeddable":true,"href":"https:\/\/cecip.org.br\/tvmaxambomba\/index.php\/wp-json\/wp\/v2\/users\/1"}],"replies":[{"embeddable":true,"href":"https:\/\/cecip.org.br\/tvmaxambomba\/index.php\/wp-json\/wp\/v2\/comments?post=10019"}],"version-history":[{"count":7,"href":"https:\/\/cecip.org.br\/tvmaxambomba\/index.php\/wp-json\/wp\/v2\/pages\/10019\/revisions"}],"predecessor-version":[{"id":12088,"href":"https:\/\/cecip.org.br\/tvmaxambomba\/index.php\/wp-json\/wp\/v2\/pages\/10019\/revisions\/12088"}],"up":[{"embeddable":true,"href":"https:\/\/cecip.org.br\/tvmaxambomba\/index.php\/wp-json\/wp\/v2\/pages\/11052"}],"wp:attachment":[{"href":"https:\/\/cecip.org.br\/tvmaxambomba\/index.php\/wp-json\/wp\/v2\/media?parent=10019"}],"wp:term":[{"taxonomy":"post_tag","embeddable":true,"href":"https:\/\/cecip.org.br\/tvmaxambomba\/index.php\/wp-json\/wp\/v2\/tags?post=10019"}],"curies":[{"name":"wp","href":"https:\/\/api.w.org\/{rel}","templated":true}]}}