{"id":10022,"date":"2014-09-17T13:34:49","date_gmt":"2017-04-30T23:00:16","guid":{"rendered":"https:\/\/cecip.org.br\/tvmaxambomba\/?p=10022"},"modified":"2017-09-13T17:11:38","modified_gmt":"2017-09-13T20:11:38","slug":"colera-sai-pra-la","status":"publish","type":"page","link":"https:\/\/cecip.org.br\/tvmaxambomba\/index.php\/programas-pg\/video-pg\/colera-sai-pra-la\/","title":{"rendered":"C\u00f3lera? sai pra l\u00e1!"},"content":{"rendered":"<body><p>Fic\u00e7\u00e3o mostra receita para o tratamento de \u00e1gua (de po\u00e7o ou de mina) contra o c\u00f3lera.<\/p>\n<\/body>","protected":false},"excerpt":{"rendered":"<p>Fic\u00e7\u00e3o mostra receita para o tratamento de \u00e1gua (de po\u00e7o ou de mina) contra o c\u00f3lera.<\/p>\n","protected":false},"author":1,"featured_media":0,"parent":11062,"menu_order":0,"comment_status":"open","ping_status":"open","template":"","meta":{"_acf_changed":false,"om_disable_all_campaigns":false,"footnotes":""},"tags":[10],"class_list":["post-10022","page","type-page","status-publish","hentry","tag-saude"],"acf":[],"jetpack_sharing_enabled":true,"_links":{"self":[{"href":"https:\/\/cecip.org.br\/tvmaxambomba\/index.php\/wp-json\/wp\/v2\/pages\/10022"}],"collection":[{"href":"https:\/\/cecip.org.br\/tvmaxambomba\/index.php\/wp-json\/wp\/v2\/pages"}],"about":[{"href":"https:\/\/cecip.org.br\/tvmaxambomba\/index.php\/wp-json\/wp\/v2\/types\/page"}],"author":[{"embeddable":true,"href":"https:\/\/cecip.org.br\/tvmaxambomba\/index.php\/wp-json\/wp\/v2\/users\/1"}],"replies":[{"embeddable":true,"href":"https:\/\/cecip.org.br\/tvmaxambomba\/index.php\/wp-json\/wp\/v2\/comments?post=10022"}],"version-history":[{"count":8,"href":"https:\/\/cecip.org.br\/tvmaxambomba\/index.php\/wp-json\/wp\/v2\/pages\/10022\/revisions"}],"predecessor-version":[{"id":12069,"href":"https:\/\/cecip.org.br\/tvmaxambomba\/index.php\/wp-json\/wp\/v2\/pages\/10022\/revisions\/12069"}],"up":[{"embeddable":true,"href":"https:\/\/cecip.org.br\/tvmaxambomba\/index.php\/wp-json\/wp\/v2\/pages\/11062"}],"wp:attachment":[{"href":"https:\/\/cecip.org.br\/tvmaxambomba\/index.php\/wp-json\/wp\/v2\/media?parent=10022"}],"wp:term":[{"taxonomy":"post_tag","embeddable":true,"href":"https:\/\/cecip.org.br\/tvmaxambomba\/index.php\/wp-json\/wp\/v2\/tags?post=10022"}],"curies":[{"name":"wp","href":"https:\/\/api.w.org\/{rel}","templated":true}]}}