{"id":10023,"date":"2014-09-17T13:35:11","date_gmt":"2017-04-30T23:00:16","guid":{"rendered":"https:\/\/cecip.org.br\/tvmaxambomba\/?p=10023"},"modified":"2017-09-13T15:59:36","modified_gmt":"2017-09-13T18:59:36","slug":"a-bola-magica","status":"publish","type":"page","link":"https:\/\/cecip.org.br\/tvmaxambomba\/index.php\/programas-pg\/video-pg\/a-bola-magica\/","title":{"rendered":"A bola m\u00e1gica"},"content":{"rendered":"<body><p>O que aconteceria se, de repente, personagens de um livro did\u00e1tico ca\u00edssem das p\u00e1ginas e entrassem na vida real? Foi o que aconteceu com Amanda. No v\u00eddeo vemos as aventuras que ela e os personagens Pedrinho e Verinha vivem, na tentativa de retornar para o livro.<\/p>\n<\/body>","protected":false},"excerpt":{"rendered":"<p>Este v\u00eddeo v\u00eddeo faz parte do Projeto Presen\u00e7a Feminina nos Livros Did\u00e1ticos<br \/>\nApoio: UNIFEM &#8211; Fundo de Desenvolvimento das Na\u00e7\u00f5es Unidas para a mulher<\/p>\n","protected":false},"author":1,"featured_media":0,"parent":11062,"menu_order":0,"comment_status":"open","ping_status":"open","template":"","meta":{"_acf_changed":false,"om_disable_all_campaigns":false,"footnotes":""},"tags":[5,19],"class_list":["post-10023","page","type-page","status-publish","hentry","tag-educacao","tag-educacao-infantil"],"acf":[],"jetpack_sharing_enabled":true,"_links":{"self":[{"href":"https:\/\/cecip.org.br\/tvmaxambomba\/index.php\/wp-json\/wp\/v2\/pages\/10023"}],"collection":[{"href":"https:\/\/cecip.org.br\/tvmaxambomba\/index.php\/wp-json\/wp\/v2\/pages"}],"about":[{"href":"https:\/\/cecip.org.br\/tvmaxambomba\/index.php\/wp-json\/wp\/v2\/types\/page"}],"author":[{"embeddable":true,"href":"https:\/\/cecip.org.br\/tvmaxambomba\/index.php\/wp-json\/wp\/v2\/users\/1"}],"replies":[{"embeddable":true,"href":"https:\/\/cecip.org.br\/tvmaxambomba\/index.php\/wp-json\/wp\/v2\/comments?post=10023"}],"version-history":[{"count":12,"href":"https:\/\/cecip.org.br\/tvmaxambomba\/index.php\/wp-json\/wp\/v2\/pages\/10023\/revisions"}],"predecessor-version":[{"id":12054,"href":"https:\/\/cecip.org.br\/tvmaxambomba\/index.php\/wp-json\/wp\/v2\/pages\/10023\/revisions\/12054"}],"up":[{"embeddable":true,"href":"https:\/\/cecip.org.br\/tvmaxambomba\/index.php\/wp-json\/wp\/v2\/pages\/11062"}],"wp:attachment":[{"href":"https:\/\/cecip.org.br\/tvmaxambomba\/index.php\/wp-json\/wp\/v2\/media?parent=10023"}],"wp:term":[{"taxonomy":"post_tag","embeddable":true,"href":"https:\/\/cecip.org.br\/tvmaxambomba\/index.php\/wp-json\/wp\/v2\/tags?post=10023"}],"curies":[{"name":"wp","href":"https:\/\/api.w.org\/{rel}","templated":true}]}}