{"id":10025,"date":"2014-09-18T14:33:44","date_gmt":"2017-04-30T23:00:16","guid":{"rendered":"https:\/\/cecip.org.br\/tvmaxambomba\/?p=10025"},"modified":"2017-09-06T12:59:39","modified_gmt":"2017-09-06T15:59:39","slug":"mesquita","status":"publish","type":"page","link":"https:\/\/cecip.org.br\/tvmaxambomba\/index.php\/programas-pg\/video-pg\/mesquita\/","title":{"rendered":"Mesquita"},"content":{"rendered":"<body><p>Mesquita \u00e9 um \u2018Vaticano cheio de botequins\u2019. Esta \u00e9 uma das defini\u00e7\u00f5es do bairro que re\u00fane o maior n\u00famero de compositores e artistas pl\u00e1sticos da Baixada Fluminense. Romildo, Edson show, Roque da Para\u00edba, Fl\u00e1vio Nakandakare entre outros. Em 3 blocos, conhe\u00e7a Mesquita.<\/p>\n<\/body>","protected":false},"excerpt":{"rendered":"<p>Mesquita \u00e9 um \u2018Vaticano cheio de botequins\u2019. Esta \u00e9 uma das defini\u00e7\u00f5es do bairro que re\u00fane o maior n\u00famero de compositores e artistas pl\u00e1sticos da Baixada Fluminense. Romildo, Edson show, Roque da Para\u00edba, Fl\u00e1vio Nakandakare entre outros. Em 3 blocos, conhe\u00e7a Mesquita.<\/p>\n","protected":false},"author":1,"featured_media":0,"parent":11062,"menu_order":0,"comment_status":"open","ping_status":"open","template":"","meta":{"_acf_changed":false,"om_disable_all_campaigns":false,"footnotes":""},"tags":[21,20,22],"class_list":["post-10025","page","type-page","status-publish","hentry","tag-compositor","tag-musica","tag-samba"],"acf":[],"jetpack_sharing_enabled":true,"_links":{"self":[{"href":"https:\/\/cecip.org.br\/tvmaxambomba\/index.php\/wp-json\/wp\/v2\/pages\/10025"}],"collection":[{"href":"https:\/\/cecip.org.br\/tvmaxambomba\/index.php\/wp-json\/wp\/v2\/pages"}],"about":[{"href":"https:\/\/cecip.org.br\/tvmaxambomba\/index.php\/wp-json\/wp\/v2\/types\/page"}],"author":[{"embeddable":true,"href":"https:\/\/cecip.org.br\/tvmaxambomba\/index.php\/wp-json\/wp\/v2\/users\/1"}],"replies":[{"embeddable":true,"href":"https:\/\/cecip.org.br\/tvmaxambomba\/index.php\/wp-json\/wp\/v2\/comments?post=10025"}],"version-history":[{"count":7,"href":"https:\/\/cecip.org.br\/tvmaxambomba\/index.php\/wp-json\/wp\/v2\/pages\/10025\/revisions"}],"predecessor-version":[{"id":12028,"href":"https:\/\/cecip.org.br\/tvmaxambomba\/index.php\/wp-json\/wp\/v2\/pages\/10025\/revisions\/12028"}],"up":[{"embeddable":true,"href":"https:\/\/cecip.org.br\/tvmaxambomba\/index.php\/wp-json\/wp\/v2\/pages\/11062"}],"wp:attachment":[{"href":"https:\/\/cecip.org.br\/tvmaxambomba\/index.php\/wp-json\/wp\/v2\/media?parent=10025"}],"wp:term":[{"taxonomy":"post_tag","embeddable":true,"href":"https:\/\/cecip.org.br\/tvmaxambomba\/index.php\/wp-json\/wp\/v2\/tags?post=10025"}],"curies":[{"name":"wp","href":"https:\/\/api.w.org\/{rel}","templated":true}]}}