{"id":10027,"date":"2014-09-17T13:54:56","date_gmt":"2017-04-30T23:00:17","guid":{"rendered":"https:\/\/cecip.org.br\/tvmaxambomba\/?p=10027"},"modified":"2017-09-06T17:29:45","modified_gmt":"2017-09-06T20:29:45","slug":"a-pressao","status":"publish","type":"page","link":"https:\/\/cecip.org.br\/tvmaxambomba\/index.php\/programas-pg\/video-pg\/a-pressao\/","title":{"rendered":"A Press\u00e3o"},"content":{"rendered":"<body><p>Dois amigos conversam num bar sobre problemas em casa e no trabalho. Durante a hist\u00f3ria aparecem diversos fatores que favorecem a hipertens\u00e3o.<\/p>\n<\/body>","protected":false},"excerpt":{"rendered":"<p>Dois amigos conversam num bar sobre problemas em casa e no trabalho. Durante a hist\u00f3ria aparecem diversos fatores que favorecem a hipertens\u00e3o.<\/p>\n","protected":false},"author":1,"featured_media":0,"parent":11062,"menu_order":0,"comment_status":"open","ping_status":"open","template":"","meta":{"_acf_changed":false,"om_disable_all_campaigns":false,"footnotes":""},"tags":[10],"class_list":["post-10027","page","type-page","status-publish","hentry","tag-saude"],"acf":[],"jetpack_sharing_enabled":true,"_links":{"self":[{"href":"https:\/\/cecip.org.br\/tvmaxambomba\/index.php\/wp-json\/wp\/v2\/pages\/10027"}],"collection":[{"href":"https:\/\/cecip.org.br\/tvmaxambomba\/index.php\/wp-json\/wp\/v2\/pages"}],"about":[{"href":"https:\/\/cecip.org.br\/tvmaxambomba\/index.php\/wp-json\/wp\/v2\/types\/page"}],"author":[{"embeddable":true,"href":"https:\/\/cecip.org.br\/tvmaxambomba\/index.php\/wp-json\/wp\/v2\/users\/1"}],"replies":[{"embeddable":true,"href":"https:\/\/cecip.org.br\/tvmaxambomba\/index.php\/wp-json\/wp\/v2\/comments?post=10027"}],"version-history":[{"count":9,"href":"https:\/\/cecip.org.br\/tvmaxambomba\/index.php\/wp-json\/wp\/v2\/pages\/10027\/revisions"}],"predecessor-version":[{"id":12035,"href":"https:\/\/cecip.org.br\/tvmaxambomba\/index.php\/wp-json\/wp\/v2\/pages\/10027\/revisions\/12035"}],"up":[{"embeddable":true,"href":"https:\/\/cecip.org.br\/tvmaxambomba\/index.php\/wp-json\/wp\/v2\/pages\/11062"}],"wp:attachment":[{"href":"https:\/\/cecip.org.br\/tvmaxambomba\/index.php\/wp-json\/wp\/v2\/media?parent=10027"}],"wp:term":[{"taxonomy":"post_tag","embeddable":true,"href":"https:\/\/cecip.org.br\/tvmaxambomba\/index.php\/wp-json\/wp\/v2\/tags?post=10027"}],"curies":[{"name":"wp","href":"https:\/\/api.w.org\/{rel}","templated":true}]}}