{"id":10031,"date":"2014-10-07T19:14:02","date_gmt":"2017-04-30T23:00:17","guid":{"rendered":"https:\/\/cecip.org.br\/tvmaxambomba\/?p=10031"},"modified":"2017-09-13T18:09:40","modified_gmt":"2017-09-13T21:09:40","slug":"sombra-e-agua-fresca","status":"publish","type":"page","link":"https:\/\/cecip.org.br\/tvmaxambomba\/index.php\/programas-pg\/video-pg\/sombra-e-agua-fresca\/","title":{"rendered":"Sombra e \u00e1gua fresca"},"content":{"rendered":"","protected":false},"excerpt":{"rendered":"<p> Embelezar uma rua s\u00f3 depende de seus moradores. O programa incentiva a arboriza\u00e7\u00e3o de ruas misturando depoimentos de moradores e digitaliza\u00e7\u00e3o gr\u00e1fica.<\/p>\n","protected":false},"author":1,"featured_media":0,"parent":11062,"menu_order":0,"comment_status":"open","ping_status":"open","template":"","meta":{"_acf_changed":false,"om_disable_all_campaigns":false,"footnotes":""},"tags":[8,18,16],"class_list":["post-10031","page","type-page","status-publish","hentry","tag-comunidade","tag-meio-ambiente","tag-politicas-publicas"],"acf":[],"jetpack_sharing_enabled":true,"_links":{"self":[{"href":"https:\/\/cecip.org.br\/tvmaxambomba\/index.php\/wp-json\/wp\/v2\/pages\/10031"}],"collection":[{"href":"https:\/\/cecip.org.br\/tvmaxambomba\/index.php\/wp-json\/wp\/v2\/pages"}],"about":[{"href":"https:\/\/cecip.org.br\/tvmaxambomba\/index.php\/wp-json\/wp\/v2\/types\/page"}],"author":[{"embeddable":true,"href":"https:\/\/cecip.org.br\/tvmaxambomba\/index.php\/wp-json\/wp\/v2\/users\/1"}],"replies":[{"embeddable":true,"href":"https:\/\/cecip.org.br\/tvmaxambomba\/index.php\/wp-json\/wp\/v2\/comments?post=10031"}],"version-history":[{"count":7,"href":"https:\/\/cecip.org.br\/tvmaxambomba\/index.php\/wp-json\/wp\/v2\/pages\/10031\/revisions"}],"predecessor-version":[{"id":12078,"href":"https:\/\/cecip.org.br\/tvmaxambomba\/index.php\/wp-json\/wp\/v2\/pages\/10031\/revisions\/12078"}],"up":[{"embeddable":true,"href":"https:\/\/cecip.org.br\/tvmaxambomba\/index.php\/wp-json\/wp\/v2\/pages\/11062"}],"wp:attachment":[{"href":"https:\/\/cecip.org.br\/tvmaxambomba\/index.php\/wp-json\/wp\/v2\/media?parent=10031"}],"wp:term":[{"taxonomy":"post_tag","embeddable":true,"href":"https:\/\/cecip.org.br\/tvmaxambomba\/index.php\/wp-json\/wp\/v2\/tags?post=10031"}],"curies":[{"name":"wp","href":"https:\/\/api.w.org\/{rel}","templated":true}]}}