{"id":10033,"date":"2014-10-07T19:14:40","date_gmt":"2017-04-30T23:00:17","guid":{"rendered":"https:\/\/cecip.org.br\/tvmaxambomba\/?p=10033"},"modified":"2017-09-06T17:22:30","modified_gmt":"2017-09-06T20:22:30","slug":"meio-ambientemente","status":"publish","type":"page","link":"https:\/\/cecip.org.br\/tvmaxambomba\/index.php\/programas-pg\/video-pg\/meio-ambientemente\/","title":{"rendered":"Meio ambientemente"},"content":{"rendered":"<body><p>Moradores do bairro de Rancho Fundo, em Nova Igua\u00e7u, tra\u00e7am um paralelo dos v\u00e1rios significados do conceito de meio ambiente com os problemas cotidianos do bairro.<\/p>\n<\/body>","protected":false},"excerpt":{"rendered":"<p>Moradores do bairro de Rancho Fundo, em Nova Igua\u00e7u, tra\u00e7am um paralelo dos v\u00e1rios significados do conceito de meio ambiente com os problemas cotidianos do bairro.<\/p>\n","protected":false},"author":1,"featured_media":0,"parent":11062,"menu_order":0,"comment_status":"open","ping_status":"open","template":"","meta":{"_acf_changed":false,"om_disable_all_campaigns":false,"footnotes":""},"tags":[8,18,16],"class_list":["post-10033","page","type-page","status-publish","hentry","tag-comunidade","tag-meio-ambiente","tag-politicas-publicas"],"acf":[],"jetpack_sharing_enabled":true,"_links":{"self":[{"href":"https:\/\/cecip.org.br\/tvmaxambomba\/index.php\/wp-json\/wp\/v2\/pages\/10033"}],"collection":[{"href":"https:\/\/cecip.org.br\/tvmaxambomba\/index.php\/wp-json\/wp\/v2\/pages"}],"about":[{"href":"https:\/\/cecip.org.br\/tvmaxambomba\/index.php\/wp-json\/wp\/v2\/types\/page"}],"author":[{"embeddable":true,"href":"https:\/\/cecip.org.br\/tvmaxambomba\/index.php\/wp-json\/wp\/v2\/users\/1"}],"replies":[{"embeddable":true,"href":"https:\/\/cecip.org.br\/tvmaxambomba\/index.php\/wp-json\/wp\/v2\/comments?post=10033"}],"version-history":[{"count":7,"href":"https:\/\/cecip.org.br\/tvmaxambomba\/index.php\/wp-json\/wp\/v2\/pages\/10033\/revisions"}],"predecessor-version":[{"id":12034,"href":"https:\/\/cecip.org.br\/tvmaxambomba\/index.php\/wp-json\/wp\/v2\/pages\/10033\/revisions\/12034"}],"up":[{"embeddable":true,"href":"https:\/\/cecip.org.br\/tvmaxambomba\/index.php\/wp-json\/wp\/v2\/pages\/11062"}],"wp:attachment":[{"href":"https:\/\/cecip.org.br\/tvmaxambomba\/index.php\/wp-json\/wp\/v2\/media?parent=10033"}],"wp:term":[{"taxonomy":"post_tag","embeddable":true,"href":"https:\/\/cecip.org.br\/tvmaxambomba\/index.php\/wp-json\/wp\/v2\/tags?post=10033"}],"curies":[{"name":"wp","href":"https:\/\/api.w.org\/{rel}","templated":true}]}}