{"id":10036,"date":"2014-10-07T19:31:56","date_gmt":"2017-04-30T23:00:18","guid":{"rendered":"https:\/\/cecip.org.br\/tvmaxambomba\/?p=10036"},"modified":"2017-09-13T18:20:45","modified_gmt":"2017-09-13T21:20:45","slug":"diferentes-mas-nao-desiguais","status":"publish","type":"page","link":"https:\/\/cecip.org.br\/tvmaxambomba\/index.php\/programas-pg\/video-pg\/diferentes-mas-nao-desiguais\/","title":{"rendered":"Diferentes mas n\u00e3o desiguais"},"content":{"rendered":"<body><p>O programa fala de alguns dos novos direitos da mulher, garantidos na Constitui\u00e7\u00e3o de 1988. Nas entrevistas aparecem as necessidades de essas leis virarem realidade, atrav\u00e9s da luta das mulheres.<\/p>\n<\/body>","protected":false},"excerpt":{"rendered":"<p>O programa fala de alguns dos novos direitos da mulher, garantidos na Constitui\u00e7\u00e3o de 1988. Nas entrevistas aparecem as necessidades de essas leis virarem realidade, atrav\u00e9s da luta das mulheres.<\/p>\n","protected":false},"author":1,"featured_media":0,"parent":11062,"menu_order":0,"comment_status":"open","ping_status":"open","template":"","meta":{"_acf_changed":false,"om_disable_all_campaigns":false,"footnotes":""},"tags":[11,15],"class_list":["post-10036","page","type-page","status-publish","hentry","tag-cidadania","tag-direitos"],"acf":[],"jetpack_sharing_enabled":true,"_links":{"self":[{"href":"https:\/\/cecip.org.br\/tvmaxambomba\/index.php\/wp-json\/wp\/v2\/pages\/10036"}],"collection":[{"href":"https:\/\/cecip.org.br\/tvmaxambomba\/index.php\/wp-json\/wp\/v2\/pages"}],"about":[{"href":"https:\/\/cecip.org.br\/tvmaxambomba\/index.php\/wp-json\/wp\/v2\/types\/page"}],"author":[{"embeddable":true,"href":"https:\/\/cecip.org.br\/tvmaxambomba\/index.php\/wp-json\/wp\/v2\/users\/1"}],"replies":[{"embeddable":true,"href":"https:\/\/cecip.org.br\/tvmaxambomba\/index.php\/wp-json\/wp\/v2\/comments?post=10036"}],"version-history":[{"count":9,"href":"https:\/\/cecip.org.br\/tvmaxambomba\/index.php\/wp-json\/wp\/v2\/pages\/10036\/revisions"}],"predecessor-version":[{"id":12082,"href":"https:\/\/cecip.org.br\/tvmaxambomba\/index.php\/wp-json\/wp\/v2\/pages\/10036\/revisions\/12082"}],"up":[{"embeddable":true,"href":"https:\/\/cecip.org.br\/tvmaxambomba\/index.php\/wp-json\/wp\/v2\/pages\/11062"}],"wp:attachment":[{"href":"https:\/\/cecip.org.br\/tvmaxambomba\/index.php\/wp-json\/wp\/v2\/media?parent=10036"}],"wp:term":[{"taxonomy":"post_tag","embeddable":true,"href":"https:\/\/cecip.org.br\/tvmaxambomba\/index.php\/wp-json\/wp\/v2\/tags?post=10036"}],"curies":[{"name":"wp","href":"https:\/\/api.w.org\/{rel}","templated":true}]}}