{"id":10041,"date":"2014-10-07T19:18:04","date_gmt":"2017-04-30T23:00:18","guid":{"rendered":"https:\/\/cecip.org.br\/tvmaxambomba\/?p=10041"},"modified":"2017-09-13T18:32:29","modified_gmt":"2017-09-13T21:32:29","slug":"me-engana-que-eu-gosto","status":"publish","type":"page","link":"https:\/\/cecip.org.br\/tvmaxambomba\/index.php\/programas-pg\/video-pg\/me-engana-que-eu-gosto\/","title":{"rendered":"Me engana que eu gosto"},"content":{"rendered":"<body><p>Teatro de bonecos. Orienta\u00e7\u00e3o sobre os impostos e taxas municipais. Que servi\u00e7os s\u00e3o pagos e n\u00e3o s\u00e3o prestados pela prefeitura.<\/p>\n<\/body>","protected":false},"excerpt":{"rendered":"<p>Teatro de bonecos. Orienta\u00e7\u00e3o sobre os impostos e taxas municipais. Que servi\u00e7os s\u00e3o pagos e n\u00e3o s\u00e3o prestados pela prefeitura.<\/p>\n","protected":false},"author":1,"featured_media":0,"parent":11062,"menu_order":0,"comment_status":"open","ping_status":"open","template":"","meta":{"_acf_changed":false,"om_disable_all_campaigns":false,"footnotes":""},"tags":[11,15,16],"class_list":["post-10041","page","type-page","status-publish","hentry","tag-cidadania","tag-direitos","tag-politicas-publicas"],"acf":[],"jetpack_sharing_enabled":true,"_links":{"self":[{"href":"https:\/\/cecip.org.br\/tvmaxambomba\/index.php\/wp-json\/wp\/v2\/pages\/10041"}],"collection":[{"href":"https:\/\/cecip.org.br\/tvmaxambomba\/index.php\/wp-json\/wp\/v2\/pages"}],"about":[{"href":"https:\/\/cecip.org.br\/tvmaxambomba\/index.php\/wp-json\/wp\/v2\/types\/page"}],"author":[{"embeddable":true,"href":"https:\/\/cecip.org.br\/tvmaxambomba\/index.php\/wp-json\/wp\/v2\/users\/1"}],"replies":[{"embeddable":true,"href":"https:\/\/cecip.org.br\/tvmaxambomba\/index.php\/wp-json\/wp\/v2\/comments?post=10041"}],"version-history":[{"count":7,"href":"https:\/\/cecip.org.br\/tvmaxambomba\/index.php\/wp-json\/wp\/v2\/pages\/10041\/revisions"}],"predecessor-version":[{"id":12087,"href":"https:\/\/cecip.org.br\/tvmaxambomba\/index.php\/wp-json\/wp\/v2\/pages\/10041\/revisions\/12087"}],"up":[{"embeddable":true,"href":"https:\/\/cecip.org.br\/tvmaxambomba\/index.php\/wp-json\/wp\/v2\/pages\/11062"}],"wp:attachment":[{"href":"https:\/\/cecip.org.br\/tvmaxambomba\/index.php\/wp-json\/wp\/v2\/media?parent=10041"}],"wp:term":[{"taxonomy":"post_tag","embeddable":true,"href":"https:\/\/cecip.org.br\/tvmaxambomba\/index.php\/wp-json\/wp\/v2\/tags?post=10041"}],"curies":[{"name":"wp","href":"https:\/\/api.w.org\/{rel}","templated":true}]}}