{"id":10042,"date":"2014-09-18T15:10:37","date_gmt":"2017-04-30T23:00:18","guid":{"rendered":"https:\/\/cecip.org.br\/tvmaxambomba\/?p=10042"},"modified":"2017-09-14T14:42:50","modified_gmt":"2017-09-14T17:42:50","slug":"eleicoes-lindomar","status":"publish","type":"page","link":"https:\/\/cecip.org.br\/tvmaxambomba\/index.php\/programas-pg\/video-pg\/eleicoes-lindomar\/","title":{"rendered":"Elei\u00e7\u00f5es \u2014 Lindomar Ribeiro"},"content":{"rendered":"<body><p>Em 1990, a TV Maxambomba \u201clan\u00e7ava\u201d a candidatura de Lindomar Ribeiro, pol\u00edtico que queria comprar o voto da popula\u00e7\u00e3o. A fic\u00e7\u00e3o dirigida por Valter Fil\u00e9 abordava a rea\u00e7\u00e3o das pessoas na rua diante dessa atitude do candidato vivido pelo ator J\u00falio Fagundes. <\/p>\n<\/body>","protected":false},"excerpt":{"rendered":"<p>Em 1990, a TV Maxambomba \u201clan\u00e7ava\u201d a candidatura de Lindomar Ribeiro, pol\u00edtico que queria comprar o voto da popula\u00e7\u00e3o. A fic\u00e7\u00e3o dirigida por Valter Fil\u00e9 abordava a rea\u00e7\u00e3o das pessoas na rua diante dessa atitude do candidato vivido pelo ator J\u00falio Fagundes.<\/p>\n","protected":false},"author":1,"featured_media":0,"parent":11062,"menu_order":0,"comment_status":"open","ping_status":"open","template":"","meta":{"_acf_changed":false,"om_disable_all_campaigns":false,"footnotes":""},"tags":[11,30,15,31],"class_list":["post-10042","page","type-page","status-publish","hentry","tag-cidadania","tag-democracia","tag-direitos","tag-eleicao"],"acf":[],"jetpack_sharing_enabled":true,"_links":{"self":[{"href":"https:\/\/cecip.org.br\/tvmaxambomba\/index.php\/wp-json\/wp\/v2\/pages\/10042"}],"collection":[{"href":"https:\/\/cecip.org.br\/tvmaxambomba\/index.php\/wp-json\/wp\/v2\/pages"}],"about":[{"href":"https:\/\/cecip.org.br\/tvmaxambomba\/index.php\/wp-json\/wp\/v2\/types\/page"}],"author":[{"embeddable":true,"href":"https:\/\/cecip.org.br\/tvmaxambomba\/index.php\/wp-json\/wp\/v2\/users\/1"}],"replies":[{"embeddable":true,"href":"https:\/\/cecip.org.br\/tvmaxambomba\/index.php\/wp-json\/wp\/v2\/comments?post=10042"}],"version-history":[{"count":10,"href":"https:\/\/cecip.org.br\/tvmaxambomba\/index.php\/wp-json\/wp\/v2\/pages\/10042\/revisions"}],"predecessor-version":[{"id":12093,"href":"https:\/\/cecip.org.br\/tvmaxambomba\/index.php\/wp-json\/wp\/v2\/pages\/10042\/revisions\/12093"}],"up":[{"embeddable":true,"href":"https:\/\/cecip.org.br\/tvmaxambomba\/index.php\/wp-json\/wp\/v2\/pages\/11062"}],"wp:attachment":[{"href":"https:\/\/cecip.org.br\/tvmaxambomba\/index.php\/wp-json\/wp\/v2\/media?parent=10042"}],"wp:term":[{"taxonomy":"post_tag","embeddable":true,"href":"https:\/\/cecip.org.br\/tvmaxambomba\/index.php\/wp-json\/wp\/v2\/tags?post=10042"}],"curies":[{"name":"wp","href":"https:\/\/api.w.org\/{rel}","templated":true}]}}