{"id":10095,"date":"2014-09-17T13:33:31","date_gmt":"2017-04-30T23:00:26","guid":{"rendered":"https:\/\/cecip.org.br\/tvmaxambomba\/?p=10095"},"modified":"2017-09-20T14:25:10","modified_gmt":"2017-09-20T17:25:10","slug":"tv-maxambomba-volta-com-nova-programacao","status":"publish","type":"page","link":"https:\/\/cecip.org.br\/tvmaxambomba\/index.php\/publicacoes-pub\/texto-pub\/tv-maxambomba-volta-com-nova-programacao\/","title":{"rendered":"TV Maxambomba volta com nova programa\u00e7\u00e3o"},"content":{"rendered":"<body><p>Mat\u00e9ria sobre a nova programa\u00e7\u00e3o da TV Maxambomba em exibi\u00e7\u00e3o nos bairros da Baixada Fluminense<\/p>\n<\/body>","protected":false},"excerpt":{"rendered":"<p>Mat\u00e9ria sobre a nova programa\u00e7\u00e3o da TV Maxambomba em exibi\u00e7\u00e3o nos bairros da Baixada Fluminense<\/p>\n","protected":false},"author":1,"featured_media":0,"parent":11058,"menu_order":0,"comment_status":"open","ping_status":"open","template":"","meta":{"_acf_changed":false,"om_disable_all_campaigns":false,"footnotes":""},"tags":[32,33],"class_list":["post-10095","page","type-page","status-publish","hentry","tag-audiovisual","tag-video"],"acf":[],"jetpack_sharing_enabled":true,"_links":{"self":[{"href":"https:\/\/cecip.org.br\/tvmaxambomba\/index.php\/wp-json\/wp\/v2\/pages\/10095"}],"collection":[{"href":"https:\/\/cecip.org.br\/tvmaxambomba\/index.php\/wp-json\/wp\/v2\/pages"}],"about":[{"href":"https:\/\/cecip.org.br\/tvmaxambomba\/index.php\/wp-json\/wp\/v2\/types\/page"}],"author":[{"embeddable":true,"href":"https:\/\/cecip.org.br\/tvmaxambomba\/index.php\/wp-json\/wp\/v2\/users\/1"}],"replies":[{"embeddable":true,"href":"https:\/\/cecip.org.br\/tvmaxambomba\/index.php\/wp-json\/wp\/v2\/comments?post=10095"}],"version-history":[{"count":7,"href":"https:\/\/cecip.org.br\/tvmaxambomba\/index.php\/wp-json\/wp\/v2\/pages\/10095\/revisions"}],"predecessor-version":[{"id":12127,"href":"https:\/\/cecip.org.br\/tvmaxambomba\/index.php\/wp-json\/wp\/v2\/pages\/10095\/revisions\/12127"}],"up":[{"embeddable":true,"href":"https:\/\/cecip.org.br\/tvmaxambomba\/index.php\/wp-json\/wp\/v2\/pages\/11058"}],"wp:attachment":[{"href":"https:\/\/cecip.org.br\/tvmaxambomba\/index.php\/wp-json\/wp\/v2\/media?parent=10095"}],"wp:term":[{"taxonomy":"post_tag","embeddable":true,"href":"https:\/\/cecip.org.br\/tvmaxambomba\/index.php\/wp-json\/wp\/v2\/tags?post=10095"}],"curies":[{"name":"wp","href":"https:\/\/api.w.org\/{rel}","templated":true}]}}