{"id":10100,"date":"2014-09-17T13:34:18","date_gmt":"2017-04-30T23:00:26","guid":{"rendered":"https:\/\/cecip.org.br\/tvmaxambomba\/?p=10100"},"modified":"2017-09-20T15:01:19","modified_gmt":"2017-09-20T18:01:19","slug":"a-tv-que-tem-tudo-a-ver-com-a-baixada","status":"publish","type":"page","link":"https:\/\/cecip.org.br\/tvmaxambomba\/index.php\/publicacoes-pub\/texto-pub\/a-tv-que-tem-tudo-a-ver-com-a-baixada\/","title":{"rendered":"A TV que tem tudo a ver com a Baixada"},"content":{"rendered":"<body><p>Mat\u00e9ria sobre a atua\u00e7\u00e3o do Projeto TV Maxambomba na Baixada Fluminense na \u00f3tica de Zuenir Ventura.<\/p>\n<\/body>","protected":false},"excerpt":{"rendered":"<p>Mat\u00e9ria sobre a atua\u00e7\u00e3o do Projeto TV Maxambomba na Baixada Fluminense na \u00f3tica de Zuenir Ventura.<\/p>\n","protected":false},"author":1,"featured_media":0,"parent":11058,"menu_order":0,"comment_status":"open","ping_status":"open","template":"","meta":{"_acf_changed":false,"om_disable_all_campaigns":false,"footnotes":""},"tags":[32,33],"class_list":["post-10100","page","type-page","status-publish","hentry","tag-audiovisual","tag-video"],"acf":[],"jetpack_sharing_enabled":true,"_links":{"self":[{"href":"https:\/\/cecip.org.br\/tvmaxambomba\/index.php\/wp-json\/wp\/v2\/pages\/10100"}],"collection":[{"href":"https:\/\/cecip.org.br\/tvmaxambomba\/index.php\/wp-json\/wp\/v2\/pages"}],"about":[{"href":"https:\/\/cecip.org.br\/tvmaxambomba\/index.php\/wp-json\/wp\/v2\/types\/page"}],"author":[{"embeddable":true,"href":"https:\/\/cecip.org.br\/tvmaxambomba\/index.php\/wp-json\/wp\/v2\/users\/1"}],"replies":[{"embeddable":true,"href":"https:\/\/cecip.org.br\/tvmaxambomba\/index.php\/wp-json\/wp\/v2\/comments?post=10100"}],"version-history":[{"count":7,"href":"https:\/\/cecip.org.br\/tvmaxambomba\/index.php\/wp-json\/wp\/v2\/pages\/10100\/revisions"}],"predecessor-version":[{"id":12131,"href":"https:\/\/cecip.org.br\/tvmaxambomba\/index.php\/wp-json\/wp\/v2\/pages\/10100\/revisions\/12131"}],"up":[{"embeddable":true,"href":"https:\/\/cecip.org.br\/tvmaxambomba\/index.php\/wp-json\/wp\/v2\/pages\/11058"}],"wp:attachment":[{"href":"https:\/\/cecip.org.br\/tvmaxambomba\/index.php\/wp-json\/wp\/v2\/media?parent=10100"}],"wp:term":[{"taxonomy":"post_tag","embeddable":true,"href":"https:\/\/cecip.org.br\/tvmaxambomba\/index.php\/wp-json\/wp\/v2\/tags?post=10100"}],"curies":[{"name":"wp","href":"https:\/\/api.w.org\/{rel}","templated":true}]}}