{"id":10101,"date":"2014-09-17T14:01:44","date_gmt":"2017-04-30T23:00:26","guid":{"rendered":"https:\/\/cecip.org.br\/tvmaxambomba\/?p=10101"},"modified":"2017-09-20T15:02:07","modified_gmt":"2017-09-20T18:02:07","slug":"tv-maxambomba-a-realidade-da-baixada","status":"publish","type":"page","link":"https:\/\/cecip.org.br\/tvmaxambomba\/index.php\/publicacoes-pub\/texto-pub\/tv-maxambomba-a-realidade-da-baixada\/","title":{"rendered":"TV Maxambomba a realidade da baixada"},"content":{"rendered":"<body><p>Mat\u00e9ria sobre a atua\u00e7\u00e3o da TV Maxambomba como uma nova alternativa de se ver TV na Baixada Fluminense.<\/p>\n<\/body>","protected":false},"excerpt":{"rendered":"<p>Mat\u00e9ria sobre a atua\u00e7\u00e3o da TV Maxambomba como uma nova alternativa de se ver TV na Baixada Fluminense.<\/p>\n","protected":false},"author":1,"featured_media":0,"parent":11058,"menu_order":0,"comment_status":"open","ping_status":"open","template":"","meta":{"_acf_changed":false,"om_disable_all_campaigns":false,"footnotes":""},"tags":[32,33],"class_list":["post-10101","page","type-page","status-publish","hentry","tag-audiovisual","tag-video"],"acf":[],"jetpack_sharing_enabled":true,"_links":{"self":[{"href":"https:\/\/cecip.org.br\/tvmaxambomba\/index.php\/wp-json\/wp\/v2\/pages\/10101"}],"collection":[{"href":"https:\/\/cecip.org.br\/tvmaxambomba\/index.php\/wp-json\/wp\/v2\/pages"}],"about":[{"href":"https:\/\/cecip.org.br\/tvmaxambomba\/index.php\/wp-json\/wp\/v2\/types\/page"}],"author":[{"embeddable":true,"href":"https:\/\/cecip.org.br\/tvmaxambomba\/index.php\/wp-json\/wp\/v2\/users\/1"}],"replies":[{"embeddable":true,"href":"https:\/\/cecip.org.br\/tvmaxambomba\/index.php\/wp-json\/wp\/v2\/comments?post=10101"}],"version-history":[{"count":8,"href":"https:\/\/cecip.org.br\/tvmaxambomba\/index.php\/wp-json\/wp\/v2\/pages\/10101\/revisions"}],"predecessor-version":[{"id":12132,"href":"https:\/\/cecip.org.br\/tvmaxambomba\/index.php\/wp-json\/wp\/v2\/pages\/10101\/revisions\/12132"}],"up":[{"embeddable":true,"href":"https:\/\/cecip.org.br\/tvmaxambomba\/index.php\/wp-json\/wp\/v2\/pages\/11058"}],"wp:attachment":[{"href":"https:\/\/cecip.org.br\/tvmaxambomba\/index.php\/wp-json\/wp\/v2\/media?parent=10101"}],"wp:term":[{"taxonomy":"post_tag","embeddable":true,"href":"https:\/\/cecip.org.br\/tvmaxambomba\/index.php\/wp-json\/wp\/v2\/tags?post=10101"}],"curies":[{"name":"wp","href":"https:\/\/api.w.org\/{rel}","templated":true}]}}