{"id":10104,"date":"2014-09-17T13:34:40","date_gmt":"2017-04-30T23:00:27","guid":{"rendered":"https:\/\/cecip.org.br\/tvmaxambomba\/?p=10104"},"modified":"2017-09-20T17:20:07","modified_gmt":"2017-09-20T20:20:07","slug":"um-projeto-para-democratizar-a-informacao","status":"publish","type":"page","link":"https:\/\/cecip.org.br\/tvmaxambomba\/index.php\/publicacoes-pub\/texto-pub\/um-projeto-para-democratizar-a-informacao\/","title":{"rendered":"Um projeto para democratizar a informa\u00e7\u00e3o"},"content":{"rendered":"<body><p>Mat\u00e9ria sobre a atua\u00e7\u00e3o do Cecip na \u00e1rea ambiental atrav\u00e9s do projeto \u2018Direitos e Deveres do Cidad\u00e3o\u2019.<\/p>\n<\/body>","protected":false},"excerpt":{"rendered":"<p>Mat\u00e9ria sobre a atua\u00e7\u00e3o do Cecip na \u00e1rea ambiental atrav\u00e9s do projeto \u2018Direitos e Deveres do Cidad\u00e3o\u2019.<\/p>\n","protected":false},"author":1,"featured_media":0,"parent":11058,"menu_order":0,"comment_status":"open","ping_status":"open","template":"","meta":{"_acf_changed":false,"om_disable_all_campaigns":false,"footnotes":""},"tags":[32,33],"class_list":["post-10104","page","type-page","status-publish","hentry","tag-audiovisual","tag-video"],"acf":[],"jetpack_sharing_enabled":true,"_links":{"self":[{"href":"https:\/\/cecip.org.br\/tvmaxambomba\/index.php\/wp-json\/wp\/v2\/pages\/10104"}],"collection":[{"href":"https:\/\/cecip.org.br\/tvmaxambomba\/index.php\/wp-json\/wp\/v2\/pages"}],"about":[{"href":"https:\/\/cecip.org.br\/tvmaxambomba\/index.php\/wp-json\/wp\/v2\/types\/page"}],"author":[{"embeddable":true,"href":"https:\/\/cecip.org.br\/tvmaxambomba\/index.php\/wp-json\/wp\/v2\/users\/1"}],"replies":[{"embeddable":true,"href":"https:\/\/cecip.org.br\/tvmaxambomba\/index.php\/wp-json\/wp\/v2\/comments?post=10104"}],"version-history":[{"count":6,"href":"https:\/\/cecip.org.br\/tvmaxambomba\/index.php\/wp-json\/wp\/v2\/pages\/10104\/revisions"}],"predecessor-version":[{"id":12136,"href":"https:\/\/cecip.org.br\/tvmaxambomba\/index.php\/wp-json\/wp\/v2\/pages\/10104\/revisions\/12136"}],"up":[{"embeddable":true,"href":"https:\/\/cecip.org.br\/tvmaxambomba\/index.php\/wp-json\/wp\/v2\/pages\/11058"}],"wp:attachment":[{"href":"https:\/\/cecip.org.br\/tvmaxambomba\/index.php\/wp-json\/wp\/v2\/media?parent=10104"}],"wp:term":[{"taxonomy":"post_tag","embeddable":true,"href":"https:\/\/cecip.org.br\/tvmaxambomba\/index.php\/wp-json\/wp\/v2\/tags?post=10104"}],"curies":[{"name":"wp","href":"https:\/\/api.w.org\/{rel}","templated":true}]}}