{"id":10120,"date":"2014-09-16T21:29:18","date_gmt":"2017-04-30T23:00:29","guid":{"rendered":"https:\/\/cecip.org.br\/tvmaxambomba\/?p=10120"},"modified":"2017-09-26T17:56:07","modified_gmt":"2017-09-26T20:56:07","slug":"puxando-conversa-traz-romildo-de-volta","status":"publish","type":"page","link":"https:\/\/cecip.org.br\/tvmaxambomba\/index.php\/publicacoes-pub\/texto-pub\/puxando-conversa-traz-romildo-de-volta\/","title":{"rendered":"Puxando Conversa traz Romildo de volta"},"content":{"rendered":"<body><p>Mat\u00e9ria sobre a apresenta\u00e7\u00e3o do v\u00eddeo que conta a hist\u00f3ria das composi\u00e7\u00f5es de Romildo.<\/p>\n<\/body>","protected":false},"excerpt":{"rendered":"<p>Mat\u00e9ria sobre a apresenta\u00e7\u00e3o do v\u00eddeo que conta a hist\u00f3ria das composi\u00e7\u00f5es de Romildo.<\/p>\n","protected":false},"author":1,"featured_media":0,"parent":11058,"menu_order":0,"comment_status":"open","ping_status":"open","template":"","meta":{"_acf_changed":false,"om_disable_all_campaigns":false,"footnotes":""},"tags":[20,22],"class_list":["post-10120","page","type-page","status-publish","hentry","tag-musica","tag-samba"],"acf":[],"jetpack_sharing_enabled":true,"_links":{"self":[{"href":"https:\/\/cecip.org.br\/tvmaxambomba\/index.php\/wp-json\/wp\/v2\/pages\/10120"}],"collection":[{"href":"https:\/\/cecip.org.br\/tvmaxambomba\/index.php\/wp-json\/wp\/v2\/pages"}],"about":[{"href":"https:\/\/cecip.org.br\/tvmaxambomba\/index.php\/wp-json\/wp\/v2\/types\/page"}],"author":[{"embeddable":true,"href":"https:\/\/cecip.org.br\/tvmaxambomba\/index.php\/wp-json\/wp\/v2\/users\/1"}],"replies":[{"embeddable":true,"href":"https:\/\/cecip.org.br\/tvmaxambomba\/index.php\/wp-json\/wp\/v2\/comments?post=10120"}],"version-history":[{"count":6,"href":"https:\/\/cecip.org.br\/tvmaxambomba\/index.php\/wp-json\/wp\/v2\/pages\/10120\/revisions"}],"predecessor-version":[{"id":12162,"href":"https:\/\/cecip.org.br\/tvmaxambomba\/index.php\/wp-json\/wp\/v2\/pages\/10120\/revisions\/12162"}],"up":[{"embeddable":true,"href":"https:\/\/cecip.org.br\/tvmaxambomba\/index.php\/wp-json\/wp\/v2\/pages\/11058"}],"wp:attachment":[{"href":"https:\/\/cecip.org.br\/tvmaxambomba\/index.php\/wp-json\/wp\/v2\/media?parent=10120"}],"wp:term":[{"taxonomy":"post_tag","embeddable":true,"href":"https:\/\/cecip.org.br\/tvmaxambomba\/index.php\/wp-json\/wp\/v2\/tags?post=10120"}],"curies":[{"name":"wp","href":"https:\/\/api.w.org\/{rel}","templated":true}]}}