{"id":10121,"date":"2014-09-17T13:31:54","date_gmt":"2017-04-30T23:00:29","guid":{"rendered":"https:\/\/cecip.org.br\/tvmaxambomba\/?p=10121"},"modified":"2017-06-30T11:46:45","modified_gmt":"2017-06-30T14:46:45","slug":"tv-maxambomba-adota-telao-para-atingir-maior-publico","status":"publish","type":"page","link":"https:\/\/cecip.org.br\/tvmaxambomba\/index.php\/publicacoes-pub\/texto-pub\/tv-maxambomba-adota-telao-para-atingir-maior-publico\/","title":{"rendered":"TV Maxambomba adota tel\u00e3o para atingir maior p\u00fablico"},"content":{"rendered":"<body><p>Mat\u00e9ria sobre o in\u00edcio das exibi\u00e7\u00f5es da TV Maxambomba com o tel\u00e3o nas pra\u00e7as.<\/p>\n<\/body>","protected":false},"excerpt":{"rendered":"<p>Mat\u00e9ria sobre o in\u00edcio das exibi\u00e7\u00f5es da TV Maxambomba com o tel\u00e3o nas pra\u00e7as.<\/p>\n","protected":false},"author":1,"featured_media":0,"parent":11058,"menu_order":0,"comment_status":"open","ping_status":"open","template":"","meta":{"_acf_changed":false,"om_disable_all_campaigns":false,"footnotes":""},"tags":[32,33],"class_list":["post-10121","page","type-page","status-publish","hentry","tag-audiovisual","tag-video"],"acf":[],"jetpack_sharing_enabled":true,"_links":{"self":[{"href":"https:\/\/cecip.org.br\/tvmaxambomba\/index.php\/wp-json\/wp\/v2\/pages\/10121"}],"collection":[{"href":"https:\/\/cecip.org.br\/tvmaxambomba\/index.php\/wp-json\/wp\/v2\/pages"}],"about":[{"href":"https:\/\/cecip.org.br\/tvmaxambomba\/index.php\/wp-json\/wp\/v2\/types\/page"}],"author":[{"embeddable":true,"href":"https:\/\/cecip.org.br\/tvmaxambomba\/index.php\/wp-json\/wp\/v2\/users\/1"}],"replies":[{"embeddable":true,"href":"https:\/\/cecip.org.br\/tvmaxambomba\/index.php\/wp-json\/wp\/v2\/comments?post=10121"}],"version-history":[{"count":6,"href":"https:\/\/cecip.org.br\/tvmaxambomba\/index.php\/wp-json\/wp\/v2\/pages\/10121\/revisions"}],"predecessor-version":[{"id":11397,"href":"https:\/\/cecip.org.br\/tvmaxambomba\/index.php\/wp-json\/wp\/v2\/pages\/10121\/revisions\/11397"}],"up":[{"embeddable":true,"href":"https:\/\/cecip.org.br\/tvmaxambomba\/index.php\/wp-json\/wp\/v2\/pages\/11058"}],"wp:attachment":[{"href":"https:\/\/cecip.org.br\/tvmaxambomba\/index.php\/wp-json\/wp\/v2\/media?parent=10121"}],"wp:term":[{"taxonomy":"post_tag","embeddable":true,"href":"https:\/\/cecip.org.br\/tvmaxambomba\/index.php\/wp-json\/wp\/v2\/tags?post=10121"}],"curies":[{"name":"wp","href":"https:\/\/api.w.org\/{rel}","templated":true}]}}