{"id":10136,"date":"2014-09-16T21:30:24","date_gmt":"2017-04-30T23:00:31","guid":{"rendered":"https:\/\/cecip.org.br\/tvmaxambomba\/?p=10136"},"modified":"2017-09-28T18:48:39","modified_gmt":"2017-09-28T21:48:39","slug":"conversa-de-bambas","status":"publish","type":"page","link":"https:\/\/cecip.org.br\/tvmaxambomba\/index.php\/publicacoes-pub\/texto-pub\/conversa-de-bambas\/","title":{"rendered":"Conversa de bambas"},"content":{"rendered":"<body><p>Mat\u00e9ria sobre o lan\u00e7amento do v\u00eddeo Dois enredos, muitas alegorias, que conta a hist\u00f3ria das composi\u00e7\u00f5es de Ded\u00e9 da Portela e Norival Reis. Esse v\u00eddeo faz parte do Projeto Puxando Conversa.<\/p>\n<\/body>","protected":false},"excerpt":{"rendered":"<p>Mat\u00e9ria sobre o lan\u00e7amento do v\u00eddeo Dois enredos, muitas alegorias, que conta a hist\u00f3ria das composi\u00e7\u00f5es de Ded\u00e9 da Portela e Norival Reis. Esse v\u00eddeo faz parte do Projeto Puxando Conversa.<\/p>\n","protected":false},"author":1,"featured_media":0,"parent":11058,"menu_order":0,"comment_status":"open","ping_status":"open","template":"","meta":{"_acf_changed":false,"om_disable_all_campaigns":false,"footnotes":""},"tags":[21,20],"class_list":["post-10136","page","type-page","status-publish","hentry","tag-compositor","tag-musica"],"acf":[],"jetpack_sharing_enabled":true,"_links":{"self":[{"href":"https:\/\/cecip.org.br\/tvmaxambomba\/index.php\/wp-json\/wp\/v2\/pages\/10136"}],"collection":[{"href":"https:\/\/cecip.org.br\/tvmaxambomba\/index.php\/wp-json\/wp\/v2\/pages"}],"about":[{"href":"https:\/\/cecip.org.br\/tvmaxambomba\/index.php\/wp-json\/wp\/v2\/types\/page"}],"author":[{"embeddable":true,"href":"https:\/\/cecip.org.br\/tvmaxambomba\/index.php\/wp-json\/wp\/v2\/users\/1"}],"replies":[{"embeddable":true,"href":"https:\/\/cecip.org.br\/tvmaxambomba\/index.php\/wp-json\/wp\/v2\/comments?post=10136"}],"version-history":[{"count":7,"href":"https:\/\/cecip.org.br\/tvmaxambomba\/index.php\/wp-json\/wp\/v2\/pages\/10136\/revisions"}],"predecessor-version":[{"id":12190,"href":"https:\/\/cecip.org.br\/tvmaxambomba\/index.php\/wp-json\/wp\/v2\/pages\/10136\/revisions\/12190"}],"up":[{"embeddable":true,"href":"https:\/\/cecip.org.br\/tvmaxambomba\/index.php\/wp-json\/wp\/v2\/pages\/11058"}],"wp:attachment":[{"href":"https:\/\/cecip.org.br\/tvmaxambomba\/index.php\/wp-json\/wp\/v2\/media?parent=10136"}],"wp:term":[{"taxonomy":"post_tag","embeddable":true,"href":"https:\/\/cecip.org.br\/tvmaxambomba\/index.php\/wp-json\/wp\/v2\/tags?post=10136"}],"curies":[{"name":"wp","href":"https:\/\/api.w.org\/{rel}","templated":true}]}}