{"id":10146,"date":"2014-10-07T19:10:03","date_gmt":"2017-04-30T23:00:32","guid":{"rendered":"https:\/\/cecip.org.br\/tvmaxambomba\/?p=10146"},"modified":"2017-10-03T14:21:34","modified_gmt":"2017-10-03T17:21:34","slug":"tv-maxambomba-comemora-5-anos-no-ar","status":"publish","type":"page","link":"https:\/\/cecip.org.br\/tvmaxambomba\/index.php\/publicacoes-pub\/texto-pub\/tv-maxambomba-comemora-5-anos-no-ar\/","title":{"rendered":"TV Maxambomba comemora 5 anos no ar."},"content":{"rendered":"<body><p>A mat\u00e9ria fala das atividades e a comemora\u00e7\u00e3o dos 5 anos da TV Maxambomba na Baixada Fluminense.<\/p>\n<\/body>","protected":false},"excerpt":{"rendered":"<p>A mat\u00e9ria fala das atividades e a comemora\u00e7\u00e3o dos 5 anos da TV Maxambomba na Baixada Fluminense.<\/p>\n","protected":false},"author":1,"featured_media":0,"parent":11058,"menu_order":0,"comment_status":"open","ping_status":"open","template":"","meta":{"_acf_changed":false,"om_disable_all_campaigns":false,"footnotes":""},"tags":[32],"class_list":["post-10146","page","type-page","status-publish","hentry","tag-audiovisual"],"acf":[],"jetpack_sharing_enabled":true,"_links":{"self":[{"href":"https:\/\/cecip.org.br\/tvmaxambomba\/index.php\/wp-json\/wp\/v2\/pages\/10146"}],"collection":[{"href":"https:\/\/cecip.org.br\/tvmaxambomba\/index.php\/wp-json\/wp\/v2\/pages"}],"about":[{"href":"https:\/\/cecip.org.br\/tvmaxambomba\/index.php\/wp-json\/wp\/v2\/types\/page"}],"author":[{"embeddable":true,"href":"https:\/\/cecip.org.br\/tvmaxambomba\/index.php\/wp-json\/wp\/v2\/users\/1"}],"replies":[{"embeddable":true,"href":"https:\/\/cecip.org.br\/tvmaxambomba\/index.php\/wp-json\/wp\/v2\/comments?post=10146"}],"version-history":[{"count":7,"href":"https:\/\/cecip.org.br\/tvmaxambomba\/index.php\/wp-json\/wp\/v2\/pages\/10146\/revisions"}],"predecessor-version":[{"id":12199,"href":"https:\/\/cecip.org.br\/tvmaxambomba\/index.php\/wp-json\/wp\/v2\/pages\/10146\/revisions\/12199"}],"up":[{"embeddable":true,"href":"https:\/\/cecip.org.br\/tvmaxambomba\/index.php\/wp-json\/wp\/v2\/pages\/11058"}],"wp:attachment":[{"href":"https:\/\/cecip.org.br\/tvmaxambomba\/index.php\/wp-json\/wp\/v2\/media?parent=10146"}],"wp:term":[{"taxonomy":"post_tag","embeddable":true,"href":"https:\/\/cecip.org.br\/tvmaxambomba\/index.php\/wp-json\/wp\/v2\/tags?post=10146"}],"curies":[{"name":"wp","href":"https:\/\/api.w.org\/{rel}","templated":true}]}}