{"id":10148,"date":"2014-10-07T19:11:48","date_gmt":"2017-04-30T23:00:33","guid":{"rendered":"https:\/\/cecip.org.br\/tvmaxambomba\/?p=10148"},"modified":"2017-10-03T14:37:02","modified_gmt":"2017-10-03T17:37:02","slug":"um-dia-de-arte-e-cidadania-no-palco-da-matriz","status":"publish","type":"page","link":"https:\/\/cecip.org.br\/tvmaxambomba\/index.php\/publicacoes-pub\/texto-pub\/um-dia-de-arte-e-cidadania-no-palco-da-matriz\/","title":{"rendered":"Um dia de arte e cidadania no palco da Matriz"},"content":{"rendered":"<body><p>Mat\u00e9ria sobre a participa\u00e7\u00e3o da Tv Maxambomba no evento de Arte e Cidadania realizado na Matriz de S\u00e3o Jo\u00e3o de Meriti.<\/p>\n<\/body>","protected":false},"excerpt":{"rendered":"<p>Mat\u00e9ria sobre a participa\u00e7\u00e3o da Tv Maxambomba no evento de Arte e Cidadania realizado na Matriz de S\u00e3o Jo\u00e3o de Meriti.<\/p>\n","protected":false},"author":1,"featured_media":0,"parent":11058,"menu_order":0,"comment_status":"open","ping_status":"open","template":"","meta":{"_acf_changed":false,"om_disable_all_campaigns":false,"footnotes":""},"tags":[32],"class_list":["post-10148","page","type-page","status-publish","hentry","tag-audiovisual"],"acf":[],"jetpack_sharing_enabled":true,"_links":{"self":[{"href":"https:\/\/cecip.org.br\/tvmaxambomba\/index.php\/wp-json\/wp\/v2\/pages\/10148"}],"collection":[{"href":"https:\/\/cecip.org.br\/tvmaxambomba\/index.php\/wp-json\/wp\/v2\/pages"}],"about":[{"href":"https:\/\/cecip.org.br\/tvmaxambomba\/index.php\/wp-json\/wp\/v2\/types\/page"}],"author":[{"embeddable":true,"href":"https:\/\/cecip.org.br\/tvmaxambomba\/index.php\/wp-json\/wp\/v2\/users\/1"}],"replies":[{"embeddable":true,"href":"https:\/\/cecip.org.br\/tvmaxambomba\/index.php\/wp-json\/wp\/v2\/comments?post=10148"}],"version-history":[{"count":6,"href":"https:\/\/cecip.org.br\/tvmaxambomba\/index.php\/wp-json\/wp\/v2\/pages\/10148\/revisions"}],"predecessor-version":[{"id":12203,"href":"https:\/\/cecip.org.br\/tvmaxambomba\/index.php\/wp-json\/wp\/v2\/pages\/10148\/revisions\/12203"}],"up":[{"embeddable":true,"href":"https:\/\/cecip.org.br\/tvmaxambomba\/index.php\/wp-json\/wp\/v2\/pages\/11058"}],"wp:attachment":[{"href":"https:\/\/cecip.org.br\/tvmaxambomba\/index.php\/wp-json\/wp\/v2\/media?parent=10148"}],"wp:term":[{"taxonomy":"post_tag","embeddable":true,"href":"https:\/\/cecip.org.br\/tvmaxambomba\/index.php\/wp-json\/wp\/v2\/tags?post=10148"}],"curies":[{"name":"wp","href":"https:\/\/api.w.org\/{rel}","templated":true}]}}