{"id":10156,"date":"2015-02-20T16:22:43","date_gmt":"2017-04-30T23:00:34","guid":{"rendered":"https:\/\/cecip.org.br\/tvmaxambomba\/?p=10156"},"modified":"2017-10-03T14:43:53","modified_gmt":"2017-10-03T17:43:53","slug":"can-video-change-the-world","status":"publish","type":"page","link":"https:\/\/cecip.org.br\/tvmaxambomba\/index.php\/publicacoes-pub\/texto-pub\/can-video-change-the-world\/","title":{"rendered":"Can video change the world?"},"content":{"rendered":"<body><p>Apresenta\u00e7\u00e3o da experi\u00eancia do CECIP e da Tv maxambomba.<\/p>\n<\/body>","protected":false},"excerpt":{"rendered":"<p>Apresenta\u00e7\u00e3o da experi\u00eancia do CECIP e da Tv maxambomba.<\/p>\n","protected":false},"author":1,"featured_media":0,"parent":11058,"menu_order":0,"comment_status":"open","ping_status":"open","template":"","meta":{"_acf_changed":false,"om_disable_all_campaigns":false,"footnotes":""},"tags":[8],"class_list":["post-10156","page","type-page","status-publish","hentry","tag-comunidade"],"acf":[],"jetpack_sharing_enabled":true,"_links":{"self":[{"href":"https:\/\/cecip.org.br\/tvmaxambomba\/index.php\/wp-json\/wp\/v2\/pages\/10156"}],"collection":[{"href":"https:\/\/cecip.org.br\/tvmaxambomba\/index.php\/wp-json\/wp\/v2\/pages"}],"about":[{"href":"https:\/\/cecip.org.br\/tvmaxambomba\/index.php\/wp-json\/wp\/v2\/types\/page"}],"author":[{"embeddable":true,"href":"https:\/\/cecip.org.br\/tvmaxambomba\/index.php\/wp-json\/wp\/v2\/users\/1"}],"replies":[{"embeddable":true,"href":"https:\/\/cecip.org.br\/tvmaxambomba\/index.php\/wp-json\/wp\/v2\/comments?post=10156"}],"version-history":[{"count":6,"href":"https:\/\/cecip.org.br\/tvmaxambomba\/index.php\/wp-json\/wp\/v2\/pages\/10156\/revisions"}],"predecessor-version":[{"id":12210,"href":"https:\/\/cecip.org.br\/tvmaxambomba\/index.php\/wp-json\/wp\/v2\/pages\/10156\/revisions\/12210"}],"up":[{"embeddable":true,"href":"https:\/\/cecip.org.br\/tvmaxambomba\/index.php\/wp-json\/wp\/v2\/pages\/11058"}],"wp:attachment":[{"href":"https:\/\/cecip.org.br\/tvmaxambomba\/index.php\/wp-json\/wp\/v2\/media?parent=10156"}],"wp:term":[{"taxonomy":"post_tag","embeddable":true,"href":"https:\/\/cecip.org.br\/tvmaxambomba\/index.php\/wp-json\/wp\/v2\/tags?post=10156"}],"curies":[{"name":"wp","href":"https:\/\/api.w.org\/{rel}","templated":true}]}}