{"id":10164,"date":"2014-12-23T18:14:40","date_gmt":"2017-04-30T23:00:35","guid":{"rendered":"https:\/\/cecip.org.br\/tvmaxambomba\/?p=10164"},"modified":"2017-10-03T15:10:37","modified_gmt":"2017-10-03T18:10:37","slug":"secretaria-faz-cartilha-para-prevenir-epidemia-de-colera","status":"publish","type":"page","link":"https:\/\/cecip.org.br\/tvmaxambomba\/index.php\/publicacoes-pub\/texto-pub\/secretaria-faz-cartilha-para-prevenir-epidemia-de-colera\/","title":{"rendered":"Secretaria faz cartilha para prevenir epidemia de  c\u00f3lera."},"content":{"rendered":"<body><p>Cartilha produzida pelo Cecip para Secretaria Estadual de Sa\u00fade sobre os m\u00e9todos de preven\u00e7\u00e3o do C\u00f3lera.<\/p>\n<\/body>","protected":false},"excerpt":{"rendered":"<p>Cartilha produzida pelo Cecip para Secretaria Estadual de Sa\u00fade sobre os m\u00e9todos de preven\u00e7\u00e3o do C\u00f3lera.<\/p>\n","protected":false},"author":1,"featured_media":0,"parent":11058,"menu_order":0,"comment_status":"open","ping_status":"open","template":"","meta":{"_acf_changed":false,"om_disable_all_campaigns":false,"footnotes":""},"tags":[10],"class_list":["post-10164","page","type-page","status-publish","hentry","tag-saude"],"acf":[],"jetpack_sharing_enabled":true,"_links":{"self":[{"href":"https:\/\/cecip.org.br\/tvmaxambomba\/index.php\/wp-json\/wp\/v2\/pages\/10164"}],"collection":[{"href":"https:\/\/cecip.org.br\/tvmaxambomba\/index.php\/wp-json\/wp\/v2\/pages"}],"about":[{"href":"https:\/\/cecip.org.br\/tvmaxambomba\/index.php\/wp-json\/wp\/v2\/types\/page"}],"author":[{"embeddable":true,"href":"https:\/\/cecip.org.br\/tvmaxambomba\/index.php\/wp-json\/wp\/v2\/users\/1"}],"replies":[{"embeddable":true,"href":"https:\/\/cecip.org.br\/tvmaxambomba\/index.php\/wp-json\/wp\/v2\/comments?post=10164"}],"version-history":[{"count":6,"href":"https:\/\/cecip.org.br\/tvmaxambomba\/index.php\/wp-json\/wp\/v2\/pages\/10164\/revisions"}],"predecessor-version":[{"id":12223,"href":"https:\/\/cecip.org.br\/tvmaxambomba\/index.php\/wp-json\/wp\/v2\/pages\/10164\/revisions\/12223"}],"up":[{"embeddable":true,"href":"https:\/\/cecip.org.br\/tvmaxambomba\/index.php\/wp-json\/wp\/v2\/pages\/11058"}],"wp:attachment":[{"href":"https:\/\/cecip.org.br\/tvmaxambomba\/index.php\/wp-json\/wp\/v2\/media?parent=10164"}],"wp:term":[{"taxonomy":"post_tag","embeddable":true,"href":"https:\/\/cecip.org.br\/tvmaxambomba\/index.php\/wp-json\/wp\/v2\/tags?post=10164"}],"curies":[{"name":"wp","href":"https:\/\/api.w.org\/{rel}","templated":true}]}}