{"id":10949,"date":"2017-05-17T15:26:48","date_gmt":"2017-05-17T18:26:48","guid":{"rendered":"https:\/\/cecip.org.br\/tvmaxambomba\/?page_id=10949"},"modified":"2017-08-09T16:58:53","modified_gmt":"2017-08-09T19:58:53","slug":"comunidades","status":"publish","type":"page","link":"https:\/\/cecip.org.br\/tvmaxambomba\/","title":{"rendered":"TV Maxambomba"},"content":{"rendered":"<body><p><\/p>A TV Maxambomba (TVM) foi o projeto pioneiro do CECIP, realizado na Baixada Fluminense a partir de 1986, com o objetivo de democratizar a informa\u00e7\u00e3o para amplas camadas da popula\u00e7\u00e3o, por meio da cria\u00e7\u00e3o e dissemina\u00e7\u00e3o de materiais culturais e educativos.\n<p>Durante 15 anos a TV de rua produziu v\u00eddeos, agitou as pra\u00e7as e fortaleceu iniciativas de moradores da Baixada Fluminense. A equipe da TVM chegava cedo aos bairros para fazer grava\u00e7\u00f5es e anunciar as apresenta\u00e7\u00f5es que aconteceriam \u00e0 noite. Os v\u00eddeos eram exibidos em um tel\u00e3o armado sobre uma Kombi e ao final da apresenta\u00e7\u00e3o o p\u00fablico era convidado a participar. Esta experi\u00eancia de interatividade \u2013 chamada de C\u00e2mera Aberta \u2013, projetava a imagem de quem dava sua opini\u00e3o e, ao final, abria o debate com toda a audi\u00eancia.<\/p>\n<p>A a\u00e7\u00e3o da TVM n\u00e3o parou por a\u00ed. Paralelamente \u00e0 produ\u00e7\u00e3o, realizou diferentes projetos voltados \u00e0 garantia de direitos. Botando a M\u00e3o na M\u00eddia, Rep\u00f3rter de Bairro e Puxando Conversa s\u00e3o algumas dessas iniciativas.<br>\nO acervo da TVM \u00e9 um rico registro audiovisual da mem\u00f3ria social da Baixada. O projeto\u00a0<strong>TV Maxambomba: televis\u00e3o popular e mem\u00f3ria fluminense<\/strong>, realizado com recursos da Secretaria de Estado de Cultura do Rio de Janeiro em 2014, permitiu que o CECIP digitalizasse parte do acervo, criando este banco de dados para disponibilizar v\u00eddeos, fotos e textos para o p\u00fablico interessado. No mesmo ano, o CECIP recebeu do IBRAM\/MinC o <strong><a href=\"http:\/\/www.cecip.org.br\/site\/tv-maxambomba-2\/\" target=\"_blank\">Pr\u00eamio Ponto de Mem\u00f3ria<\/a><\/strong>, pelo projeto TV Maxambomba, o que tem possibilitado a realiza\u00e7\u00e3o de a\u00e7\u00f5es para ampliar o acesso a esses conte\u00fados. Em 2016, a ALERJ concedeu ao CECIP o <a href=\"http:\/\/www.cecip.org.br\/site\/diploma-heloneida-studart-de-cultura\/\" target=\"_blank\">Diploma Heloneida Studart de Cultura<\/a>, por sua destacada contribui\u00e7\u00e3o ao desenvolvimento da Cultura no Estado do Rio de Janeiro. <\/p>\n<p>Aproveite para conhecer mais sobre a hist\u00f3ria e a cultura da Baixada Fluminense!<\/p>\n<p><strong><a href=\"https:\/\/cecip.org.br\/tvmaxambomba\/index.php\/botando-a-mao-na-midia-bmm\/\">Botando a M\u00e3o na M\u00eddia (BMM)<\/a>  <img data-recalc-dims=\"1\" decoding=\"async\" src=\"https:\/\/i0.wp.com\/cecip.org.br\/tvmaxambomba\/wp-content\/uploads\/2017\/05\/PontoDeMemoria_TVM_LOGO-branco333.png?resize=300%2C300&#038;ssl=1\" alt=\"\" width=\"300\" height=\"300\" class=\"alignright size-medium wp-image-11293\" loading=\"lazy\" srcset=\"https:\/\/i0.wp.com\/cecip.org.br\/tvmaxambomba\/wp-content\/uploads\/2017\/05\/PontoDeMemoria_TVM_LOGO-branco333.png?resize=300%2C300&amp;ssl=1 300w, https:\/\/i0.wp.com\/cecip.org.br\/tvmaxambomba\/wp-content\/uploads\/2017\/05\/PontoDeMemoria_TVM_LOGO-branco333.png?resize=150%2C150&amp;ssl=1 150w, https:\/\/i0.wp.com\/cecip.org.br\/tvmaxambomba\/wp-content\/uploads\/2017\/05\/PontoDeMemoria_TVM_LOGO-branco333.png?resize=768%2C768&amp;ssl=1 768w, https:\/\/i0.wp.com\/cecip.org.br\/tvmaxambomba\/wp-content\/uploads\/2017\/05\/PontoDeMemoria_TVM_LOGO-branco333.png?w=900&amp;ssl=1 900w\" sizes=\"(max-width: 300px) 100vw, 300px\" \/><\/strong><\/p>\n<p><strong><a href=\"https:\/\/cecip.org.br\/tvmaxambomba\/index.php\/grupo-fuzue-gf\/\">Grupo Fuzu\u00ea (GF)<\/a><\/strong><\/p>\n<p><a href=\"https:\/\/cecip.org.br\/tvmaxambomba\/index.php\/parcerias-par\">Parcerias (PAR)<\/a><\/p>\n<p><a href=\"https:\/\/cecip.org.br\/tvmaxambomba\/index.php\/programas-pg\/\">Programas (PG)<\/a><\/p>\n<p><a href=\"https:\/\/cecip.org.br\/tvmaxambomba\/index.php\/publicacoes-pub\/\">Publica\u00e7\u00f5es (PUB)<\/a><\/p>\n<p><a href=\"https:\/\/cecip.org.br\/tvmaxambomba\/index.php\/puxando-conversa-pc\/\">Puxando Conversa (PC)<\/a><\/p>\n<p><a href=\"https:\/\/cecip.org.br\/tvmaxambomba\/index.php\/reporter-de-bairro-rb\/\">Rep\u00f3rter de Bairro (RB)<\/a> <\/p>\n<h2>Veja como navegar e conhecer todo o conte\u00fado do banco. <\/h2>\n<p><img data-recalc-dims=\"1\" decoding=\"async\" src=\"https:\/\/i0.wp.com\/cecip.org.br\/tvmaxambomba\/wp-content\/uploads\/2017\/05\/Pesquisa-Maxambomba03-1.png?resize=368%2C401&#038;ssl=1\" alt=\"\" width=\"368\" height=\"401\" class=\"alignleft size-full wp-image-11247\" loading=\"lazy\"><\/p>\n<p>Aqui voc\u00ea pode buscar informa\u00e7\u00f5es sobre a<br>\nTV Maxambomba por data, nome do projeto, ano de realiza\u00e7\u00e3o, autor, tema, palavras-chave, t\u00edtulos \u2013 utilizando o campo <strong>Pesquisar<\/strong>. <\/p>\n<p>Voc\u00ea tamb\u00e9m poder\u00e1 encontrar diversos materiais da TVM nas redes sociais, <a href=\"https:\/\/www.facebook.com\/tvmaxambomba\/?ref=bookmarks\" target=\"_blank\">Facebook<\/a> e <a href=\"https:\/\/www.youtube.com\/playlist?list=PLRpW5NkxOipiSfh-XUvWPHci_W2CZWtda\" target=\"_blank\">YouTube<\/a>.<br>\n<strong>Importante: <\/strong>queremos construir esse banco de dados com a sua participa\u00e7\u00e3o! Conte para gente suas hist\u00f3rias com a TVM e, ao reconhecer pessoas e lugares nas fotos e v\u00eddeos, nos envie essa informa\u00e7\u00e3o no espa\u00e7o <strong>Deixe o seu recado<\/strong>. <\/p>\n<p><a href=\"http:\/\/eravirtual.org\/deolhonarua\/\" target=\"_blank\"><img data-recalc-dims=\"1\" decoding=\"async\" src=\"https:\/\/i0.wp.com\/cecip.org.br\/tvmaxambomba\/wp-content\/uploads\/2017\/05\/logo-expo-de-olho-na-rua-140720.png?resize=400%2C300&#038;ssl=1\" alt=\"\" width=\"400\" height=\"300\" class=\"alignleft size-full wp-image-11253\" loading=\"lazy\"><\/a> <a href=\"http:\/\/www.cecip.org.br\/site\/de-olho-na-rua-aprendizados-de-midia-e-participacao\/\"><img data-recalc-dims=\"1\" decoding=\"async\" src=\"https:\/\/i0.wp.com\/cecip.org.br\/tvmaxambomba\/wp-content\/uploads\/2017\/05\/Publica%C3%A7%C3%A3o2.png?resize=312%2C377&#038;ssl=1\" alt=\"\" width=\"312\" height=\"377\" class=\"alignright size-full wp-image-11290\" loading=\"lazy\"><\/a><\/p>\n<p>. <\/p>\n<p><iframe loading=\"lazy\" width=\"400\" height=\"300\" src=\"https:\/\/www.youtube.com\/embed\/4Bf-Sveyuno?list=PLRpW5NkxOipiSfh-XUvWPHci_W2CZWtda\" frameborder=\"0\" allowfullscreen><\/iframe> <a href=\"https:\/\/issuu.com\/cecip6\/docs\/folder_ponto_de_mem__ria_tv-maxambo\" target=\"_blank\"><img data-recalc-dims=\"1\" decoding=\"async\" src=\"https:\/\/i0.wp.com\/cecip.org.br\/tvmaxambomba\/wp-content\/uploads\/2017\/05\/imagem-divulga%C3%A7%C3%A3o-do-folder-300x300.png?resize=300%2C300&#038;ssl=1\" alt=\"\" width=\"300\" height=\"300\" class=\"alignright size-medium wp-image-11952\" loading=\"lazy\"><\/a><br>\n<\/p>\n<\/body>","protected":false},"excerpt":{"rendered":"<p>A TV Maxambomba (TVM) foi o projeto pioneiro do CECIP, realizado na Baixada Fluminense a partir de 1986, com o objetivo de democratizar a informa\u00e7\u00e3o para amplas camadas da popula\u00e7\u00e3o, por meio da cria\u00e7\u00e3o e dissemina\u00e7\u00e3o de materiais culturais e educativos. Durante 15 anos a TV de rua produziu v\u00eddeos, agitou as pra\u00e7as e fortaleceu [&hellip;]<\/p>\n","protected":false},"author":1,"featured_media":0,"parent":0,"menu_order":0,"comment_status":"closed","ping_status":"closed","template":"","meta":{"_acf_changed":false,"om_disable_all_campaigns":false,"footnotes":""},"tags":[],"class_list":["post-10949","page","type-page","status-publish","hentry"],"acf":[],"jetpack_sharing_enabled":true,"_links":{"self":[{"href":"https:\/\/cecip.org.br\/tvmaxambomba\/index.php\/wp-json\/wp\/v2\/pages\/10949"}],"collection":[{"href":"https:\/\/cecip.org.br\/tvmaxambomba\/index.php\/wp-json\/wp\/v2\/pages"}],"about":[{"href":"https:\/\/cecip.org.br\/tvmaxambomba\/index.php\/wp-json\/wp\/v2\/types\/page"}],"author":[{"embeddable":true,"href":"https:\/\/cecip.org.br\/tvmaxambomba\/index.php\/wp-json\/wp\/v2\/users\/1"}],"replies":[{"embeddable":true,"href":"https:\/\/cecip.org.br\/tvmaxambomba\/index.php\/wp-json\/wp\/v2\/comments?post=10949"}],"version-history":[{"count":96,"href":"https:\/\/cecip.org.br\/tvmaxambomba\/index.php\/wp-json\/wp\/v2\/pages\/10949\/revisions"}],"predecessor-version":[{"id":11953,"href":"https:\/\/cecip.org.br\/tvmaxambomba\/index.php\/wp-json\/wp\/v2\/pages\/10949\/revisions\/11953"}],"wp:attachment":[{"href":"https:\/\/cecip.org.br\/tvmaxambomba\/index.php\/wp-json\/wp\/v2\/media?parent=10949"}],"wp:term":[{"taxonomy":"post_tag","embeddable":true,"href":"https:\/\/cecip.org.br\/tvmaxambomba\/index.php\/wp-json\/wp\/v2\/tags?post=10949"}],"curies":[{"name":"wp","href":"https:\/\/api.w.org\/{rel}","templated":true}]}}