{"id":10978,"date":"2017-05-28T17:09:45","date_gmt":"2017-05-28T20:09:45","guid":{"rendered":"https:\/\/cecip.org.br\/tvmaxambomba\/?page_id=10978"},"modified":"2017-07-20T14:04:29","modified_gmt":"2017-07-20T17:04:29","slug":"botando-a-mao-na-midia-bmm","status":"publish","type":"page","link":"https:\/\/cecip.org.br\/tvmaxambomba\/index.php\/botando-a-mao-na-midia-bmm\/","title":{"rendered":"Botando a M\u00e3o na M\u00eddia &#8211; BMM"},"content":{"rendered":"<body><p><\/p><img data-recalc-dims=\"1\" decoding=\"async\" src=\"https:\/\/i0.wp.com\/cecip.org.br\/tvmaxambomba\/wp-content\/uploads\/2017\/05\/BMMidia.jpg?resize=276%2C300&#038;ssl=1\" alt=\"\" width=\"276\" height=\"300\" class=\"alignleft size-medium wp-image-11106\" loading=\"lazy\" srcset=\"https:\/\/i0.wp.com\/cecip.org.br\/tvmaxambomba\/wp-content\/uploads\/2017\/05\/BMMidia.jpg?resize=276%2C300&amp;ssl=1 276w, https:\/\/i0.wp.com\/cecip.org.br\/tvmaxambomba\/wp-content\/uploads\/2017\/05\/BMMidia.jpg?w=374&amp;ssl=1 374w\" sizes=\"(max-width: 276px) 100vw, 276px\" \/> O projeto <strong>Botando a M\u00e3o na M\u00eddia<\/strong> (1997 a 2002) se dedicou a forma\u00e7\u00e3o de alunos e professores, para o uso de diferentes m\u00eddias na sala de aula. A sistematiza\u00e7\u00e3o desse projeto est\u00e1 organizada no conjunto de materiais Botando a M\u00e3o na M\u00eddia \u2013 Um curso te\u00f3rico-pr\u00e1tico para educadores interessados em comunica\u00e7\u00e3o.<br>\nA equipe da TV Maxambomba j\u00e1 havia realizado experi\u00eancias no ambiente escolar, como os projetos V\u00eddeo Carta e V\u00eddeo Escola.\n<p>No in\u00edcio da d\u00e9cada de noventa, o <strong>V\u00eddeo Carta<\/strong> promoveu debates entre alunos e professores de diferentes escolas, sobre temas de seu interesse. Cada escola gravava um v\u00eddeo abordando suas quest\u00f5es e fazendo perguntas aos colegas de outra escola. Uma vez editados, esses programas eram exibidos e provocavam reflex\u00f5es e novas perguntas, estimulando um di\u00e1logo entre escolas de bairros distantes.<\/p>\n<p>O <strong>V\u00eddeo Escola<\/strong> (1997) exibia programas em algumas escolas da Baixada Fluminense, explorando a linguagem do v\u00eddeo como forma de abordagem de diversos temas. Propunha tamb\u00e9m pesquisar elementos para a cria\u00e7\u00e3o de metodologias de \u201calfabetiza\u00e7\u00e3o audiovisual\u201d e levantamento de dados para nortear futuros projetos de interven\u00e7\u00e3o de tem\u00e1ticas para adolescentes. Os v\u00eddeos geravam um debate e ficavam \u00e0 disposi\u00e7\u00e3o das escolas durante um m\u00eas, para que os professores trabalhassem com outras turmas, servindo ainda como material de pesquisa.<br>\nEsta metodologia permitia a integra\u00e7\u00e3o da comunidade escolar com a exibi\u00e7\u00e3o de rua e a avalia\u00e7\u00e3o de programas produzidos pela TV Maxambomba e pelo CECIP.<\/p>\n<p>Algumas escolas parceiras da TVM: C.E. Armando Dias, C.E. Almirante Tamandar\u00e9 e C.E. Jo\u00e3o XXIII (Japeri), CIEP Nelson Ramos, C.E. Vila Bela e CIEP 364 Nelson Ramos (Mesquita), C.E. Ant\u00f4nio Gon\u00e7alves (S\u00e3o Jo\u00e3o de Meriti), C.E. Presidente Kennedy (Belford Roxo), Instituto de Educa\u00e7\u00e3o Rangel Pestana e C.E. Arruda Negreiros (Nova Igua\u00e7u), CIEP 341 \u2013 Sebasti\u00e3o Pereira Portes (Queimados), Instituto de Educa\u00e7\u00e3o Carlos Pasquale (Nil\u00f3polis), E.M. Alba Canizares do Nascimento (Inhoa\u00edba),  C.E. Heitor Lira (Penha), <\/p>\n<p>[wpb_childpages]<\/p>\n<\/body>","protected":false},"excerpt":{"rendered":"<p>O projeto Botando a M\u00e3o na M\u00eddia (1997 a 2002) se dedicou a forma\u00e7\u00e3o de alunos e professores, para o uso de diferentes m\u00eddias na sala de aula. A sistematiza\u00e7\u00e3o desse projeto est\u00e1 organizada no conjunto de materiais Botando a M\u00e3o na M\u00eddia \u2013 Um curso te\u00f3rico-pr\u00e1tico para educadores interessados em comunica\u00e7\u00e3o. A equipe da [&hellip;]<\/p>\n","protected":false},"author":1,"featured_media":675,"parent":0,"menu_order":0,"comment_status":"closed","ping_status":"closed","template":"","meta":{"_acf_changed":false,"om_disable_all_campaigns":false,"footnotes":""},"tags":[],"class_list":["post-10978","page","type-page","status-publish","has-post-thumbnail","hentry"],"acf":[],"jetpack_sharing_enabled":true,"_links":{"self":[{"href":"https:\/\/cecip.org.br\/tvmaxambomba\/index.php\/wp-json\/wp\/v2\/pages\/10978"}],"collection":[{"href":"https:\/\/cecip.org.br\/tvmaxambomba\/index.php\/wp-json\/wp\/v2\/pages"}],"about":[{"href":"https:\/\/cecip.org.br\/tvmaxambomba\/index.php\/wp-json\/wp\/v2\/types\/page"}],"author":[{"embeddable":true,"href":"https:\/\/cecip.org.br\/tvmaxambomba\/index.php\/wp-json\/wp\/v2\/users\/1"}],"replies":[{"embeddable":true,"href":"https:\/\/cecip.org.br\/tvmaxambomba\/index.php\/wp-json\/wp\/v2\/comments?post=10978"}],"version-history":[{"count":15,"href":"https:\/\/cecip.org.br\/tvmaxambomba\/index.php\/wp-json\/wp\/v2\/pages\/10978\/revisions"}],"predecessor-version":[{"id":11458,"href":"https:\/\/cecip.org.br\/tvmaxambomba\/index.php\/wp-json\/wp\/v2\/pages\/10978\/revisions\/11458"}],"wp:featuredmedia":[{"embeddable":true,"href":"https:\/\/cecip.org.br\/tvmaxambomba\/index.php\/wp-json\/wp\/v2\/media\/675"}],"wp:attachment":[{"href":"https:\/\/cecip.org.br\/tvmaxambomba\/index.php\/wp-json\/wp\/v2\/media?parent=10978"}],"wp:term":[{"taxonomy":"post_tag","embeddable":true,"href":"https:\/\/cecip.org.br\/tvmaxambomba\/index.php\/wp-json\/wp\/v2\/tags?post=10978"}],"curies":[{"name":"wp","href":"https:\/\/api.w.org\/{rel}","templated":true}]}}