{"id":10993,"date":"2017-05-30T12:22:04","date_gmt":"2017-05-30T15:22:04","guid":{"rendered":"https:\/\/cecip.org.br\/tvmaxambomba\/?page_id=10993"},"modified":"2017-07-20T14:06:36","modified_gmt":"2017-07-20T17:06:36","slug":"grupo-fuzue-gf","status":"publish","type":"page","link":"https:\/\/cecip.org.br\/tvmaxambomba\/index.php\/grupo-fuzue-gf\/","title":{"rendered":"Grupo Fuzu\u00ea &#8211; GF"},"content":{"rendered":"<body><p><\/p><img data-recalc-dims=\"1\" decoding=\"async\" src=\"https:\/\/i0.wp.com\/cecip.org.br\/tvmaxambomba\/wp-content\/uploads\/2017\/05\/GrupoFuzue.jpg?resize=178%2C300&#038;ssl=1\" alt=\"\" width=\"178\" height=\"300\" class=\"alignleft size-medium wp-image-11108\" loading=\"lazy\" srcset=\"https:\/\/i0.wp.com\/cecip.org.br\/tvmaxambomba\/wp-content\/uploads\/2017\/05\/GrupoFuzue.jpg?resize=178%2C300&amp;ssl=1 178w, https:\/\/i0.wp.com\/cecip.org.br\/tvmaxambomba\/wp-content\/uploads\/2017\/05\/GrupoFuzue.jpg?w=516&amp;ssl=1 516w\" sizes=\"(max-width: 178px) 100vw, 178px\" \/> O <strong>Grupo Fuzu\u00ea<\/strong> (1998) foi formado por tr\u00eas jovens \u2013 Gianne Neves, Andr\u00e9 Lima e Wagner Paiva \u2013, que h\u00e1 quatro anos atuavam como Rep\u00f3rteres de Bairro de Rancho Fundo. Esses jovens passaram por uma forma\u00e7\u00e3o t\u00e9cnica mais intensa na sede da TV Maxambomba. \n<p>O trio produzia seus pr\u00f3prios v\u00eddeos e tamb\u00e9m realizava oficinas de \u201cSensibiliza\u00e7\u00e3o do olhar\u201d, onde discutiam a m\u00eddia e a realidade dos seus bairros com outros adolescentes de escolas da regi\u00e3o. Todas as oficinas tinham pequenos programas como resultado, que eram exibidos no tel\u00e3o da TV Maxambomba. Estas oficinas foram realizadas inclusive em Curvelo, MG, em parceria com o projeto Ser Crian\u00e7a \u201cEduca\u00e7\u00e3o pelo Brinquedo\u201d, realizado pela CPCD (Centro Popular de Cultura de Desenvolvimento).<\/p>\n<p>Este grupo, junto ao CECIP, iniciou a realiza\u00e7\u00e3o de projetos espec\u00edficos com jovens. O primeiro deles foi o Capacita\u00e7\u00e3o Solid\u00e1ria, com apoio do Programa Comunidade Solid\u00e1ria, do Governo Federal.<\/p>\n<p>[wpb_childpages]<\/p>\n<\/body>","protected":false},"excerpt":{"rendered":"<p>O Grupo Fuzu\u00ea (1998) foi formado por tr\u00eas jovens \u2013 Gianne Neves, Andr\u00e9 Lima e Wagner Paiva \u2013, que h\u00e1 quatro anos atuavam como Rep\u00f3rteres de Bairro de Rancho Fundo. Esses jovens passaram por uma forma\u00e7\u00e3o t\u00e9cnica mais intensa na sede da TV Maxambomba. O trio produzia seus pr\u00f3prios v\u00eddeos e tamb\u00e9m realizava oficinas de [&hellip;]<\/p>\n","protected":false},"author":1,"featured_media":0,"parent":0,"menu_order":0,"comment_status":"closed","ping_status":"closed","template":"","meta":{"_acf_changed":false,"om_disable_all_campaigns":false,"footnotes":""},"tags":[],"class_list":["post-10993","page","type-page","status-publish","hentry"],"acf":[],"jetpack_sharing_enabled":true,"_links":{"self":[{"href":"https:\/\/cecip.org.br\/tvmaxambomba\/index.php\/wp-json\/wp\/v2\/pages\/10993"}],"collection":[{"href":"https:\/\/cecip.org.br\/tvmaxambomba\/index.php\/wp-json\/wp\/v2\/pages"}],"about":[{"href":"https:\/\/cecip.org.br\/tvmaxambomba\/index.php\/wp-json\/wp\/v2\/types\/page"}],"author":[{"embeddable":true,"href":"https:\/\/cecip.org.br\/tvmaxambomba\/index.php\/wp-json\/wp\/v2\/users\/1"}],"replies":[{"embeddable":true,"href":"https:\/\/cecip.org.br\/tvmaxambomba\/index.php\/wp-json\/wp\/v2\/comments?post=10993"}],"version-history":[{"count":8,"href":"https:\/\/cecip.org.br\/tvmaxambomba\/index.php\/wp-json\/wp\/v2\/pages\/10993\/revisions"}],"predecessor-version":[{"id":11460,"href":"https:\/\/cecip.org.br\/tvmaxambomba\/index.php\/wp-json\/wp\/v2\/pages\/10993\/revisions\/11460"}],"wp:attachment":[{"href":"https:\/\/cecip.org.br\/tvmaxambomba\/index.php\/wp-json\/wp\/v2\/media?parent=10993"}],"wp:term":[{"taxonomy":"post_tag","embeddable":true,"href":"https:\/\/cecip.org.br\/tvmaxambomba\/index.php\/wp-json\/wp\/v2\/tags?post=10993"}],"curies":[{"name":"wp","href":"https:\/\/api.w.org\/{rel}","templated":true}]}}