{"id":11003,"date":"2017-05-30T13:06:57","date_gmt":"2017-05-30T16:06:57","guid":{"rendered":"https:\/\/cecip.org.br\/tvmaxambomba\/?page_id=11003"},"modified":"2017-07-20T14:09:22","modified_gmt":"2017-07-20T17:09:22","slug":"programas-pg","status":"publish","type":"page","link":"https:\/\/cecip.org.br\/tvmaxambomba\/index.php\/programas-pg\/","title":{"rendered":"Programas &#8211; PG"},"content":{"rendered":"<body><p><\/p><img data-recalc-dims=\"1\" decoding=\"async\" src=\"https:\/\/i0.wp.com\/cecip.org.br\/tvmaxambomba\/wp-content\/uploads\/2017\/05\/TV-MAXAMBOMBA_com-sombra.jpg?resize=300%2C208&#038;ssl=1\" alt=\"\" width=\"300\" height=\"208\" class=\"alignleft size-medium wp-image-11124\" loading=\"lazy\" srcset=\"https:\/\/i0.wp.com\/cecip.org.br\/tvmaxambomba\/wp-content\/uploads\/2017\/05\/TV-MAXAMBOMBA_com-sombra.jpg?resize=300%2C208&amp;ssl=1 300w, https:\/\/i0.wp.com\/cecip.org.br\/tvmaxambomba\/wp-content\/uploads\/2017\/05\/TV-MAXAMBOMBA_com-sombra.jpg?resize=768%2C532&amp;ssl=1 768w, https:\/\/i0.wp.com\/cecip.org.br\/tvmaxambomba\/wp-content\/uploads\/2017\/05\/TV-MAXAMBOMBA_com-sombra.jpg?resize=1024%2C709&amp;ssl=1 1024w, https:\/\/i0.wp.com\/cecip.org.br\/tvmaxambomba\/wp-content\/uploads\/2017\/05\/TV-MAXAMBOMBA_com-sombra.jpg?w=1536&amp;ssl=1 1536w, https:\/\/i0.wp.com\/cecip.org.br\/tvmaxambomba\/wp-content\/uploads\/2017\/05\/TV-MAXAMBOMBA_com-sombra.jpg?w=2304&amp;ssl=1 2304w\" sizes=\"(max-width: 300px) 100vw, 300px\" \/> A equipe da TV Maxambomba produziu diversos programas sobre e com moradores da Baixada Fluminense. As pautas sa\u00edam das experi\u00eancias da equipe e das demandas dos bairros onde a TVM atuava. Os v\u00eddeos tinham o objetivo de debater temas de interesse geral e tamb\u00e9m mostrar a realidade local, sua cultura, os artistas, comportamentos, reivindica\u00e7\u00e3o e den\u00fancias.\n<p>As primeiras exibi\u00e7\u00f5es foram realizadas com um monitor e um v\u00eddeo cassete, nas sedes das Associa\u00e7\u00f5es de Moradores. Em 1989, as apresenta\u00e7\u00f5es ganharam as ruas e pra\u00e7as da Baixada, com um tel\u00e3o montado sobre uma Kombi.<\/p>\n<p>Antes das exibi\u00e7\u00f5es, a Kombi passava nas ruas do bairro anunciando a programa\u00e7\u00e3o da noite, chamando o p\u00fablico para o evento \u2013 este era o <strong>Arauto<\/strong>. A equipe, ent\u00e3o, gravava imagens dos moradores, que eram apresentadas, sem edi\u00e7\u00e3o, no in\u00edcio da exibi\u00e7\u00e3o.<\/p>\n<p>Os programas produzidos pela TVM foram exibidos em cerca de 60 bairros da Baixada. A apresenta\u00e7\u00e3o dos v\u00eddeos era seguida de um debate sobre os temas abordados. Neste momento, os moradores podiam dar sua opini\u00e3o sobre o que assistiram e trazer sua contribui\u00e7\u00e3o \u2013 era a <strong>C\u00e2mera Aberta<\/strong> para a participa\u00e7\u00e3o popular, a troca, a constru\u00e7\u00e3o coletiva, fortalecendo o processo de democratiza\u00e7\u00e3o da comunica\u00e7\u00e3o.<\/p>\n<p>[wpb_childpages]<\/p>\n<\/body>","protected":false},"excerpt":{"rendered":"<p>A equipe da TV Maxambomba produziu diversos programas sobre e com moradores da Baixada Fluminense. As pautas sa\u00edam das experi\u00eancias da equipe e das demandas dos bairros onde a TVM atuava. Os v\u00eddeos tinham o objetivo de debater temas de interesse geral e tamb\u00e9m mostrar a realidade local, sua cultura, os artistas, comportamentos, reivindica\u00e7\u00e3o e [&hellip;]<\/p>\n","protected":false},"author":1,"featured_media":0,"parent":0,"menu_order":0,"comment_status":"closed","ping_status":"closed","template":"","meta":{"_acf_changed":false,"om_disable_all_campaigns":false,"footnotes":""},"tags":[],"class_list":["post-11003","page","type-page","status-publish","hentry"],"acf":[],"jetpack_sharing_enabled":true,"_links":{"self":[{"href":"https:\/\/cecip.org.br\/tvmaxambomba\/index.php\/wp-json\/wp\/v2\/pages\/11003"}],"collection":[{"href":"https:\/\/cecip.org.br\/tvmaxambomba\/index.php\/wp-json\/wp\/v2\/pages"}],"about":[{"href":"https:\/\/cecip.org.br\/tvmaxambomba\/index.php\/wp-json\/wp\/v2\/types\/page"}],"author":[{"embeddable":true,"href":"https:\/\/cecip.org.br\/tvmaxambomba\/index.php\/wp-json\/wp\/v2\/users\/1"}],"replies":[{"embeddable":true,"href":"https:\/\/cecip.org.br\/tvmaxambomba\/index.php\/wp-json\/wp\/v2\/comments?post=11003"}],"version-history":[{"count":6,"href":"https:\/\/cecip.org.br\/tvmaxambomba\/index.php\/wp-json\/wp\/v2\/pages\/11003\/revisions"}],"predecessor-version":[{"id":11462,"href":"https:\/\/cecip.org.br\/tvmaxambomba\/index.php\/wp-json\/wp\/v2\/pages\/11003\/revisions\/11462"}],"wp:attachment":[{"href":"https:\/\/cecip.org.br\/tvmaxambomba\/index.php\/wp-json\/wp\/v2\/media?parent=11003"}],"wp:term":[{"taxonomy":"post_tag","embeddable":true,"href":"https:\/\/cecip.org.br\/tvmaxambomba\/index.php\/wp-json\/wp\/v2\/tags?post=11003"}],"curies":[{"name":"wp","href":"https:\/\/api.w.org\/{rel}","templated":true}]}}