{"id":11005,"date":"2017-05-30T13:07:35","date_gmt":"2017-05-30T16:07:35","guid":{"rendered":"https:\/\/cecip.org.br\/tvmaxambomba\/?page_id=11005"},"modified":"2017-07-20T14:09:51","modified_gmt":"2017-07-20T17:09:51","slug":"publicacoes-pub","status":"publish","type":"page","link":"https:\/\/cecip.org.br\/tvmaxambomba\/index.php\/publicacoes-pub\/","title":{"rendered":"Publica\u00e7\u00f5es &#8211; PUB"},"content":{"rendered":"<body><p><\/p><img data-recalc-dims=\"1\" decoding=\"async\" src=\"https:\/\/i0.wp.com\/cecip.org.br\/tvmaxambomba\/wp-content\/uploads\/2017\/05\/PUBLICACOES.jpg?resize=226%2C300&#038;ssl=1\" alt=\"\" width=\"226\" height=\"300\" class=\"alignleft size-medium wp-image-11126\" loading=\"lazy\" srcset=\"https:\/\/i0.wp.com\/cecip.org.br\/tvmaxambomba\/wp-content\/uploads\/2017\/05\/PUBLICACOES.jpg?resize=226%2C300&amp;ssl=1 226w, https:\/\/i0.wp.com\/cecip.org.br\/tvmaxambomba\/wp-content\/uploads\/2017\/05\/PUBLICACOES.jpg?w=311&amp;ssl=1 311w\" sizes=\"(max-width: 226px) 100vw, 226px\" \/> A experi\u00eancia da TV Maxambomba est\u00e1 registrada em diversas publica\u00e7\u00f5es elaboradas pela pr\u00f3pria equipe TVM\/CECIP e por outros jornalistas e pesquisadores. Revistas, artigos, jornais, disserta\u00e7\u00f5es e teses que discutem e aprofundam conceitos a partir da pr\u00e1tica e dos projetos da TVM est\u00e3o dispon\u00edveis para consulta.\n<p>Para utiliza\u00e7\u00e3o dos materiais que n\u00e3o s\u00e3o de autoria Acervo CECIP, as autoriza\u00e7\u00f5es devem ser solicitadas diretamente aos autores e licenciantes das obras.<\/p>\n<p>[wpb_childpages]<\/p>\n<\/body>","protected":false},"excerpt":{"rendered":"<p>A experi\u00eancia da TV Maxambomba est\u00e1 registrada em diversas publica\u00e7\u00f5es elaboradas pela pr\u00f3pria equipe TVM\/CECIP e por outros jornalistas e pesquisadores. Revistas, artigos, jornais, disserta\u00e7\u00f5es e teses que discutem e aprofundam conceitos a partir da pr\u00e1tica e dos projetos da TVM est\u00e3o dispon\u00edveis para consulta. Para utiliza\u00e7\u00e3o dos materiais que n\u00e3o s\u00e3o de autoria Acervo [&hellip;]<\/p>\n","protected":false},"author":1,"featured_media":0,"parent":0,"menu_order":0,"comment_status":"closed","ping_status":"closed","template":"","meta":{"_acf_changed":false,"om_disable_all_campaigns":false,"footnotes":""},"tags":[],"class_list":["post-11005","page","type-page","status-publish","hentry"],"acf":[],"jetpack_sharing_enabled":true,"_links":{"self":[{"href":"https:\/\/cecip.org.br\/tvmaxambomba\/index.php\/wp-json\/wp\/v2\/pages\/11005"}],"collection":[{"href":"https:\/\/cecip.org.br\/tvmaxambomba\/index.php\/wp-json\/wp\/v2\/pages"}],"about":[{"href":"https:\/\/cecip.org.br\/tvmaxambomba\/index.php\/wp-json\/wp\/v2\/types\/page"}],"author":[{"embeddable":true,"href":"https:\/\/cecip.org.br\/tvmaxambomba\/index.php\/wp-json\/wp\/v2\/users\/1"}],"replies":[{"embeddable":true,"href":"https:\/\/cecip.org.br\/tvmaxambomba\/index.php\/wp-json\/wp\/v2\/comments?post=11005"}],"version-history":[{"count":6,"href":"https:\/\/cecip.org.br\/tvmaxambomba\/index.php\/wp-json\/wp\/v2\/pages\/11005\/revisions"}],"predecessor-version":[{"id":11174,"href":"https:\/\/cecip.org.br\/tvmaxambomba\/index.php\/wp-json\/wp\/v2\/pages\/11005\/revisions\/11174"}],"wp:attachment":[{"href":"https:\/\/cecip.org.br\/tvmaxambomba\/index.php\/wp-json\/wp\/v2\/media?parent=11005"}],"wp:term":[{"taxonomy":"post_tag","embeddable":true,"href":"https:\/\/cecip.org.br\/tvmaxambomba\/index.php\/wp-json\/wp\/v2\/tags?post=11005"}],"curies":[{"name":"wp","href":"https:\/\/api.w.org\/{rel}","templated":true}]}}