{"id":11007,"date":"2017-05-30T13:12:08","date_gmt":"2017-05-30T16:12:08","guid":{"rendered":"https:\/\/cecip.org.br\/tvmaxambomba\/?page_id=11007"},"modified":"2017-08-01T11:49:22","modified_gmt":"2017-08-01T14:49:22","slug":"puxando-conversa-pc","status":"publish","type":"page","link":"https:\/\/cecip.org.br\/tvmaxambomba\/index.php\/puxando-conversa-pc\/","title":{"rendered":"Puxando Conversa &#8211; PC"},"content":{"rendered":"<body><p><\/p><img data-recalc-dims=\"1\" decoding=\"async\" src=\"https:\/\/i0.wp.com\/cecip.org.br\/tvmaxambomba\/wp-content\/uploads\/2017\/05\/Logo-Puxando-Conversa.jpg?resize=300%2C118&#038;ssl=1\" alt=\"\" width=\"300\" height=\"118\" class=\"alignleft size-medium wp-image-11116\" loading=\"lazy\" srcset=\"https:\/\/i0.wp.com\/cecip.org.br\/tvmaxambomba\/wp-content\/uploads\/2017\/05\/Logo-Puxando-Conversa.jpg?resize=300%2C118&amp;ssl=1 300w, https:\/\/i0.wp.com\/cecip.org.br\/tvmaxambomba\/wp-content\/uploads\/2017\/05\/Logo-Puxando-Conversa.jpg?resize=768%2C302&amp;ssl=1 768w, https:\/\/i0.wp.com\/cecip.org.br\/tvmaxambomba\/wp-content\/uploads\/2017\/05\/Logo-Puxando-Conversa.jpg?resize=1024%2C403&amp;ssl=1 1024w, https:\/\/i0.wp.com\/cecip.org.br\/tvmaxambomba\/wp-content\/uploads\/2017\/05\/Logo-Puxando-Conversa.jpg?w=1536&amp;ssl=1 1536w, https:\/\/i0.wp.com\/cecip.org.br\/tvmaxambomba\/wp-content\/uploads\/2017\/05\/Logo-Puxando-Conversa.jpg?w=2304&amp;ssl=1 2304w\" sizes=\"(max-width: 300px) 100vw, 300px\" \/> Com o projeto Puxando Conversa (1997 e 1998) a TV Maxambomba registrou e divulgou manifesta\u00e7\u00f5es art\u00edsticas e culturais da Baixada, contada por seus compositores, resgatando sambas memor\u00e1veis e suas hist\u00f3rias, colocando o foco em seus autores que foram, por muitas vezes, deixados em segundo plano, n\u00e3o sendo conhecidos do grande p\u00fablico.\n<p>A TV Maxambomba registrou em nove document\u00e1rios hist\u00f3rias e can\u00e7\u00f5es dos sambistas Romildo, Catoni, Ded\u00e9 da Portela, Norival Reis, Claudinho Inspira\u00e7\u00e3o, Adelsonilton, Edson Show, S\u00e9rgio Fonseca, Evandro Lima, Pinga, Jairo Bra\u00falio, Claudinho do Le\u00e3o, M\u00e1rio Carabina, Adilson Magrinho, Noca da Portela, Toninho Nascimento, Luiz Grande, Barbeirinho do Jacarezinho, Marcos Diniz e Wilson Moreira.<br>\nA cada m\u00eas, um document\u00e1rio era lan\u00e7ado. Ap\u00f3s a exibi\u00e7\u00e3o dos v\u00eddeos, formava-se uma grande roda de samba \u2013 mediada pela linguagem audiovisual \u2013 com a participa\u00e7\u00e3o do homenageado e seus parceiros. O momento tamb\u00e9m era gravado e exibido simultaneamente em um tel\u00e3o.<\/p>\n<p>Inicialmente os lan\u00e7amentos aconteceram em Nova Igua\u00e7u. Em 1998, o evento passou a ser realizado tamb\u00e9m no Museu da Rep\u00fablica, no Rio de Janeiro.<br>\nNovas edi\u00e7\u00f5es do projeto Puxando Conversa foram realizadas em parceria com o CEPAV (1999) e Imagem na A\u00e7\u00e3o (2004). Al\u00e9m de valorizar os compositores, construiu um acervo audiovisual de fundamental relev\u00e2ncia para compreendermos melhor a riqueza do patrim\u00f4nio art\u00edstico-cultural da Baixada, e sua importante contribui\u00e7\u00e3o no cen\u00e1rio nacional.<\/p>\n<p>[wpb_childpages]<\/p>\n<\/body>","protected":false},"excerpt":{"rendered":"<p>Com o projeto Puxando Conversa (1997 e 1998) a TV Maxambomba registrou e divulgou manifesta\u00e7\u00f5es art\u00edsticas e culturais da Baixada, contada por seus compositores, resgatando sambas memor\u00e1veis e suas hist\u00f3rias, colocando o foco em seus autores que foram, por muitas vezes, deixados em segundo plano, n\u00e3o sendo conhecidos do grande p\u00fablico. A TV Maxambomba registrou [&hellip;]<\/p>\n","protected":false},"author":1,"featured_media":0,"parent":0,"menu_order":0,"comment_status":"closed","ping_status":"closed","template":"","meta":{"_acf_changed":false,"om_disable_all_campaigns":false,"footnotes":""},"tags":[],"class_list":["post-11007","page","type-page","status-publish","hentry"],"acf":[],"jetpack_sharing_enabled":true,"_links":{"self":[{"href":"https:\/\/cecip.org.br\/tvmaxambomba\/index.php\/wp-json\/wp\/v2\/pages\/11007"}],"collection":[{"href":"https:\/\/cecip.org.br\/tvmaxambomba\/index.php\/wp-json\/wp\/v2\/pages"}],"about":[{"href":"https:\/\/cecip.org.br\/tvmaxambomba\/index.php\/wp-json\/wp\/v2\/types\/page"}],"author":[{"embeddable":true,"href":"https:\/\/cecip.org.br\/tvmaxambomba\/index.php\/wp-json\/wp\/v2\/users\/1"}],"replies":[{"embeddable":true,"href":"https:\/\/cecip.org.br\/tvmaxambomba\/index.php\/wp-json\/wp\/v2\/comments?post=11007"}],"version-history":[{"count":7,"href":"https:\/\/cecip.org.br\/tvmaxambomba\/index.php\/wp-json\/wp\/v2\/pages\/11007\/revisions"}],"predecessor-version":[{"id":11486,"href":"https:\/\/cecip.org.br\/tvmaxambomba\/index.php\/wp-json\/wp\/v2\/pages\/11007\/revisions\/11486"}],"wp:attachment":[{"href":"https:\/\/cecip.org.br\/tvmaxambomba\/index.php\/wp-json\/wp\/v2\/media?parent=11007"}],"wp:term":[{"taxonomy":"post_tag","embeddable":true,"href":"https:\/\/cecip.org.br\/tvmaxambomba\/index.php\/wp-json\/wp\/v2\/tags?post=11007"}],"curies":[{"name":"wp","href":"https:\/\/api.w.org\/{rel}","templated":true}]}}