{"id":11009,"date":"2017-05-30T14:52:19","date_gmt":"2017-05-30T17:52:19","guid":{"rendered":"https:\/\/cecip.org.br\/tvmaxambomba\/?page_id=11009"},"modified":"2017-08-01T12:09:50","modified_gmt":"2017-08-01T15:09:50","slug":"reporter-de-bairro-rb","status":"publish","type":"page","link":"https:\/\/cecip.org.br\/tvmaxambomba\/index.php\/reporter-de-bairro-rb\/","title":{"rendered":"Rep\u00f3rter de Bairro &#8211; RB"},"content":{"rendered":"<body><p><\/p><img data-recalc-dims=\"1\" decoding=\"async\" src=\"https:\/\/i0.wp.com\/cecip.org.br\/tvmaxambomba\/wp-content\/uploads\/2017\/05\/Rep%C3%B3rter-de-Bairro-300x300.jpg?resize=300%2C300&#038;ssl=1\" alt=\"\" width=\"300\" height=\"300\" class=\"alignleft size-medium wp-image-11128\" loading=\"lazy\"> No projeto Rep\u00f3rter de Bairro (1994), moradores do Parque das Palmeiras, Palhada, Bom Pastor, Jardim Tropical, Rancho Fundo, Tingu\u00e1, Bairro Alian\u00e7a, Heli\u00f3polis, Tinguazinho e Japeri participavam de oficinas de v\u00eddeo, com o objetivo produzir programas que retratassem a realidade de suas comunidades e tamb\u00e9m pequenas fic\u00e7\u00f5es sobre quest\u00f5es de seu interesse.\n<p>Semanalmente, as equipes de rep\u00f3rteres de bairro \u2013 formadas por entre 5 e 15 participantes cada \u2013 se reuniam com os profissionais da TVM para refletir sobre a linguagem audiovisual, definir os temas e o formato dos v\u00eddeos, e depois sa\u00edam pelas ruas dos seus bairros para gravar com os moradores.<\/p>\n<p>Os v\u00eddeos produzidos eram exibidos no tel\u00e3o da TV Maxambomba, seguidos de debates mediados pelos Rep\u00f3rteres de Bairro.<\/p>\n<p>[wpb_childpages]<\/p>\n<\/body>","protected":false},"excerpt":{"rendered":"<p>No projeto Rep\u00f3rter de Bairro (1994), moradores do Parque das Palmeiras, Palhada, Bom Pastor, Jardim Tropical, Rancho Fundo, Tingu\u00e1, Bairro Alian\u00e7a, Heli\u00f3polis, Tinguazinho e Japeri participavam de oficinas de v\u00eddeo, com o objetivo produzir programas que retratassem a realidade de suas comunidades e tamb\u00e9m pequenas fic\u00e7\u00f5es sobre quest\u00f5es de seu interesse. Semanalmente, as equipes de [&hellip;]<\/p>\n","protected":false},"author":1,"featured_media":0,"parent":0,"menu_order":0,"comment_status":"closed","ping_status":"closed","template":"","meta":{"_acf_changed":false,"om_disable_all_campaigns":false,"footnotes":""},"tags":[],"class_list":["post-11009","page","type-page","status-publish","hentry"],"acf":[],"jetpack_sharing_enabled":true,"_links":{"self":[{"href":"https:\/\/cecip.org.br\/tvmaxambomba\/index.php\/wp-json\/wp\/v2\/pages\/11009"}],"collection":[{"href":"https:\/\/cecip.org.br\/tvmaxambomba\/index.php\/wp-json\/wp\/v2\/pages"}],"about":[{"href":"https:\/\/cecip.org.br\/tvmaxambomba\/index.php\/wp-json\/wp\/v2\/types\/page"}],"author":[{"embeddable":true,"href":"https:\/\/cecip.org.br\/tvmaxambomba\/index.php\/wp-json\/wp\/v2\/users\/1"}],"replies":[{"embeddable":true,"href":"https:\/\/cecip.org.br\/tvmaxambomba\/index.php\/wp-json\/wp\/v2\/comments?post=11009"}],"version-history":[{"count":7,"href":"https:\/\/cecip.org.br\/tvmaxambomba\/index.php\/wp-json\/wp\/v2\/pages\/11009\/revisions"}],"predecessor-version":[{"id":11487,"href":"https:\/\/cecip.org.br\/tvmaxambomba\/index.php\/wp-json\/wp\/v2\/pages\/11009\/revisions\/11487"}],"wp:attachment":[{"href":"https:\/\/cecip.org.br\/tvmaxambomba\/index.php\/wp-json\/wp\/v2\/media?parent=11009"}],"wp:term":[{"taxonomy":"post_tag","embeddable":true,"href":"https:\/\/cecip.org.br\/tvmaxambomba\/index.php\/wp-json\/wp\/v2\/tags?post=11009"}],"curies":[{"name":"wp","href":"https:\/\/api.w.org\/{rel}","templated":true}]}}