{"id":11150,"date":"2017-06-12T16:37:06","date_gmt":"2017-06-12T19:37:06","guid":{"rendered":"https:\/\/cecip.org.br\/tvmaxambomba\/?page_id=11150"},"modified":"2017-08-09T17:07:23","modified_gmt":"2017-08-09T20:07:23","slug":"contato","status":"publish","type":"page","link":"https:\/\/cecip.org.br\/tvmaxambomba\/index.php\/contato\/","title":{"rendered":"Contato"},"content":{"rendered":"<body><p><strong>Ponto de Mem\u00f3ria da TV Maxambomba<\/strong><br>\nEntre em contato pelo e-mail <strong>cecip@cecip.org.br<\/strong> ou por telefone: <strong>(21) 2509-3812.<\/strong><br>\nSer\u00e1 um prazer falar com voc\u00ea.<\/p>\n<p><iframe loading=\"lazy\" src=\"https:\/\/www.google.com\/maps\/embed?pb=!1m18!1m12!1m3!1d3674.853337542685!2d-43.17954308503417!3d-22.918779785005704!2m3!1f0!2f0!3f0!3m2!1i1024!2i768!4f13.1!3m3!1m2!1s0x997f7c54bb37fd%3A0xd570eb256d5102cf!2sCECIP-Centro+de+Cria%C3%A7%C3%A3o+de+Imagem+Popular!5e0!3m2!1spt-BR!2sbr!4v1502309227916\" width=\"600\" height=\"450\" frameborder=\"0\" style=\"border:0\" allowfullscreen><\/iframe><\/p>\n<\/body>","protected":false},"excerpt":{"rendered":"<p>Ponto de Mem\u00f3ria da TV Maxambomba Entre em contato pelo e-mail cecip@cecip.org.br ou por telefone: (21) 2509-3812. Ser\u00e1 um prazer falar com voc\u00ea.<\/p>\n","protected":false},"author":1,"featured_media":0,"parent":0,"menu_order":0,"comment_status":"closed","ping_status":"closed","template":"","meta":{"_acf_changed":false,"om_disable_all_campaigns":false,"footnotes":""},"tags":[],"class_list":["post-11150","page","type-page","status-publish","hentry"],"acf":[],"jetpack_sharing_enabled":true,"_links":{"self":[{"href":"https:\/\/cecip.org.br\/tvmaxambomba\/index.php\/wp-json\/wp\/v2\/pages\/11150"}],"collection":[{"href":"https:\/\/cecip.org.br\/tvmaxambomba\/index.php\/wp-json\/wp\/v2\/pages"}],"about":[{"href":"https:\/\/cecip.org.br\/tvmaxambomba\/index.php\/wp-json\/wp\/v2\/types\/page"}],"author":[{"embeddable":true,"href":"https:\/\/cecip.org.br\/tvmaxambomba\/index.php\/wp-json\/wp\/v2\/users\/1"}],"replies":[{"embeddable":true,"href":"https:\/\/cecip.org.br\/tvmaxambomba\/index.php\/wp-json\/wp\/v2\/comments?post=11150"}],"version-history":[{"count":9,"href":"https:\/\/cecip.org.br\/tvmaxambomba\/index.php\/wp-json\/wp\/v2\/pages\/11150\/revisions"}],"predecessor-version":[{"id":11959,"href":"https:\/\/cecip.org.br\/tvmaxambomba\/index.php\/wp-json\/wp\/v2\/pages\/11150\/revisions\/11959"}],"wp:attachment":[{"href":"https:\/\/cecip.org.br\/tvmaxambomba\/index.php\/wp-json\/wp\/v2\/media?parent=11150"}],"wp:term":[{"taxonomy":"post_tag","embeddable":true,"href":"https:\/\/cecip.org.br\/tvmaxambomba\/index.php\/wp-json\/wp\/v2\/tags?post=11150"}],"curies":[{"name":"wp","href":"https:\/\/api.w.org\/{rel}","templated":true}]}}