{"id":11206,"date":"2017-06-20T16:31:37","date_gmt":"2017-06-20T19:31:37","guid":{"rendered":"https:\/\/cecip.org.br\/tvmaxambomba\/?page_id=11206"},"modified":"2017-07-20T13:53:35","modified_gmt":"2017-07-20T16:53:35","slug":"equipe","status":"publish","type":"page","link":"https:\/\/cecip.org.br\/tvmaxambomba\/index.php\/equipe\/","title":{"rendered":"Equipe"},"content":{"rendered":"<body><p><strong>Equipe da TV Maxambomba (1987 a 2002)<\/strong><\/p>\n<p>Coordenadores: Claudius Ceccon, Breno Kupperman e Valter Fil\u00e9.<br>\nAlexandre Corso, Alexandre Nascimento, Aluizio Firmo (Brother), Andr\u00e9 Gon\u00e7alves, Ant\u00f4nio Perna, Claudia Ceccon, Cristiana Lacerda, Dinah Frott\u00e9, Elcimar de Oliveira, Elcy Oliveira, Elias Campos, Emerson Guimar\u00e3es, Flavio Ceccon, Gianne Neves, Gilmar Altamiro, Guaracy, Gustavo Cascon, Jo\u00e3o Luiz Aranha, Jos\u00e9 Roberto Rouxinol, Julio Cesar Fagundes, Luiz Augusto Tigu, Luiz Carlos Lima, Marcelo Avance, Noale Toja, Noni Ostrower, Paulo Martins Teixeira, Pedro Britto, Roberto dos Anjos, Rog\u00e9rio Moreira, Shirley Martins, Wagner Paiva.<\/p>\n<\/body>","protected":false},"excerpt":{"rendered":"<p>Equipe da TV Maxambomba (1987 a 2002) Coordenadores: Claudius Ceccon, Breno Kupperman e Valter Fil\u00e9. Alexandre Corso, Alexandre Nascimento, Aluizio Firmo (Brother), Andr\u00e9 Gon\u00e7alves, Ant\u00f4nio Perna, Claudia Ceccon, Cristiana Lacerda, Dinah Frott\u00e9, Elcimar de Oliveira, Elcy Oliveira, Elias Campos, Emerson Guimar\u00e3es, Flavio Ceccon, Gianne Neves, Gilmar Altamiro, Guaracy, Gustavo Cascon, Jo\u00e3o Luiz Aranha, Jos\u00e9 Roberto [&hellip;]<\/p>\n","protected":false},"author":1,"featured_media":0,"parent":0,"menu_order":0,"comment_status":"closed","ping_status":"closed","template":"","meta":{"_acf_changed":false,"om_disable_all_campaigns":false,"footnotes":""},"tags":[],"class_list":["post-11206","page","type-page","status-publish","hentry"],"acf":[],"jetpack_sharing_enabled":true,"_links":{"self":[{"href":"https:\/\/cecip.org.br\/tvmaxambomba\/index.php\/wp-json\/wp\/v2\/pages\/11206"}],"collection":[{"href":"https:\/\/cecip.org.br\/tvmaxambomba\/index.php\/wp-json\/wp\/v2\/pages"}],"about":[{"href":"https:\/\/cecip.org.br\/tvmaxambomba\/index.php\/wp-json\/wp\/v2\/types\/page"}],"author":[{"embeddable":true,"href":"https:\/\/cecip.org.br\/tvmaxambomba\/index.php\/wp-json\/wp\/v2\/users\/1"}],"replies":[{"embeddable":true,"href":"https:\/\/cecip.org.br\/tvmaxambomba\/index.php\/wp-json\/wp\/v2\/comments?post=11206"}],"version-history":[{"count":2,"href":"https:\/\/cecip.org.br\/tvmaxambomba\/index.php\/wp-json\/wp\/v2\/pages\/11206\/revisions"}],"predecessor-version":[{"id":11457,"href":"https:\/\/cecip.org.br\/tvmaxambomba\/index.php\/wp-json\/wp\/v2\/pages\/11206\/revisions\/11457"}],"wp:attachment":[{"href":"https:\/\/cecip.org.br\/tvmaxambomba\/index.php\/wp-json\/wp\/v2\/media?parent=11206"}],"wp:term":[{"taxonomy":"post_tag","embeddable":true,"href":"https:\/\/cecip.org.br\/tvmaxambomba\/index.php\/wp-json\/wp\/v2\/tags?post=11206"}],"curies":[{"name":"wp","href":"https:\/\/api.w.org\/{rel}","templated":true}]}}